{"id":154,"date":"2016-05-19T16:54:08","date_gmt":"2016-05-19T14:54:08","guid":{"rendered":"http:\/\/gay-tantra-shop.eu\/?page_id=154"},"modified":"2016-11-07T13:25:00","modified_gmt":"2016-11-07T12:25:00","slug":"kalender","status":"publish","type":"page","link":"https:\/\/gay-tantra-shop.com\/fr\/kalender\/","title":{"rendered":"CALENDRIER"},"content":{"rendered":"<p><\/p>\n<h2>GAY-TANTRA Calendrier S\u00e9minaire International<\/h2>\n<p>Armin Heining, r\u00e9alisateur et auteur des films et DVDs GAY-TANTRA travaille aussi comme masseur, coach et formateur au niveau national et international.<br \/>\n Pour en savoir plus, cliques sur l\u2019\u00e9v\u00e9nement marqu\u00e9 dans le calendrier.<\/p>\n<div class=\"gt_kalender_legende\">\n<p><span class=\"symbol1\">fire<\/span><span class=\"rot\">en rouge<\/span>repr\u00e9sentent des s\u00e9minaires bien \u00e9nerg\u00e9tiques de la lib\u00e9ration sexuelle<br \/>\n<span class=\"symbol2\">earth<\/span><span class=\"lila\">en purple<\/span>aident \u00e0 trouver la paix int\u00e9rieure et le centrage<br \/>\n<span class=\"symbol3\">water<\/span><span class=\"blau\">en bleu<\/span>repr\u00e9sentent des s\u00e9minaires pour votre bien-\u00eatre, proximit\u00e9 et contact sensuel.<br \/>\n<span class=\"symbol4\">air<\/span><span class=\"tuerkis\">en turquoise<\/span>est un possibilit\u00e9 magnifique de combiner l\u2019art tantrique de vivre avec des vacances, repos et d\u00e9tente.<\/p>\n<\/div>\n<p>Pour en savoir plus sur un \u00e9v\u00e9nement sp\u00e9cifique, cliquez sur le lien dans la note.<\/p>\n<p><\/p>","protected":false},"excerpt":{"rendered":"<p>GAY-TANTRA Calendrier S\u00e9minaire International Armin Heining, r\u00e9alisateur et auteur des films et DVDs GAY-TANTRA travaille aussi comme masseur, coach et formateur au niveau national et international. Pour en savoir plus, cliques sur l\u2019\u00e9v\u00e9nement marqu\u00e9 dans le calendrier. fireen rougerepr\u00e9sentent des s\u00e9minaires bien \u00e9nerg\u00e9tiques de la lib\u00e9ration sexuelle earthen purpleaident \u00e0 trouver la paix int\u00e9rieure et [&hellip;]<\/p>\n","protected":false},"author":1,"featured_media":0,"parent":0,"menu_order":0,"comment_status":"closed","ping_status":"closed","template":"page-templates\/tpl-kalender.php","meta":{"footnotes":""},"class_list":["post-154","page","type-page","status-publish","hentry"],"aioseo_notices":[],"_links":{"self":[{"href":"https:\/\/gay-tantra-shop.com\/fr\/wp-json\/wp\/v2\/pages\/154","targetHints":{"allow":["GET"]}}],"collection":[{"href":"https:\/\/gay-tantra-shop.com\/fr\/wp-json\/wp\/v2\/pages"}],"about":[{"href":"https:\/\/gay-tantra-shop.com\/fr\/wp-json\/wp\/v2\/types\/page"}],"author":[{"embeddable":true,"href":"https:\/\/gay-tantra-shop.com\/fr\/wp-json\/wp\/v2\/users\/1"}],"replies":[{"embeddable":true,"href":"https:\/\/gay-tantra-shop.com\/fr\/wp-json\/wp\/v2\/comments?post=154"}],"version-history":[{"count":15,"href":"https:\/\/gay-tantra-shop.com\/fr\/wp-json\/wp\/v2\/pages\/154\/revisions"}],"predecessor-version":[{"id":1292,"href":"https:\/\/gay-tantra-shop.com\/fr\/wp-json\/wp\/v2\/pages\/154\/revisions\/1292"}],"wp:attachment":[{"href":"https:\/\/gay-tantra-shop.com\/fr\/wp-json\/wp\/v2\/media?parent=154"}],"curies":[{"name":"wp","href":"https:\/\/api.w.org\/{rel}","templated":true}]}}