{"id":156,"date":"2016-05-19T16:54:15","date_gmt":"2016-05-19T14:54:15","guid":{"rendered":"http:\/\/gay-tantra-shop.eu\/?page_id=156"},"modified":"2022-12-20T13:32:42","modified_gmt":"2022-12-20T12:32:42","slug":"impressum","status":"publish","type":"page","link":"https:\/\/gay-tantra-shop.com\/fr\/impressum\/","title":{"rendered":"MENTIONS L\u00c9GALES"},"content":{"rendered":"<p><\/p>\n<h2>Responsabilit\u00e9 du contenu<\/h2>\n<p>Nous nous donnons du mal concernant le contenu de notre page. Malgr\u00e9 un soigneux traitment une responsabilit\u00e9 de notre part n\u00b4est pas possible.<\/p>\n<p>Comme fournisseurs de services selon \u00a7 7 al. 1 TMG nous sommes responsables de notre propre contenu sur ces pages conform\u00e9ment \u00e0 la loi g\u00e9n\u00e9rale.<\/p>\n<p>Selon \u00a7\u00a7 8 jusqu\u00b4\u00e0 10 TMG nous, cependant, ne sommes pas oblig\u00e9s comme fournisseurs de services de surveiller des informations communiqu\u00e9es ou des informations inconnues enregistr\u00e9es. Au cas o\u00f9 les contraventions s\u00b4\u00e9bruitent nous allons enlever ces contenus imm\u00e9diatement. Nous accepterons une responsabilit\u00e9 \u00e0 ce sujet seulement apr\u00e8s avoir pris note d\u00b4une contravention \u00e9ventuelle.<\/p>\n<h2>Responsabilit\u00e9 de liens<\/h2>\n<p>Notre offre contient des liens aux sites web externes des tiers, qui ne sont pas soumis \u00e0 notre influence.<\/p>\n<p>En terme de contenu des sites mis en lieu le fournisseur ou l\u00b4op\u00e9rateur des sites porte chaque fois la responsabilit\u00e9. Nous ne r\u00e9pondons pas de l\u00b4exactitude des informations des sites web mis en lien des fournisseurs d\u00b4informations \u00e9trangers.<\/p>\n<p>Nous avons contr\u00f4l\u00e9 des sites mis en lien pendant le r\u00e9f\u00e9rencement concernant des violations \u00e9ventuelles du droit SANS RECLAMATION.<\/p>\n<p>Au cas o\u00f9 les contraventions s\u00b4\u00e9bruitent nous serons pr\u00eats d\u00b4enlever les liens de ce genre imm\u00e9diatement.<\/p>\n<p><span style=\"font-size: 14px;\"><strong>Mode alternatif de r\u00e8glement des conflits:<\/strong><br \/>\nLa Commission europ\u00e9enne fournit une plateforme pour la r\u00e9solution extrajudiciaire des litiges qui est accessible sur le site <a href=\"http:\/\/ec.europa.eu\/odr\" target=\"_blank\" rel=\"noopener\">https:\/\/ec.europa.eu\/odr<\/a>.<\/span><\/p>\n<p><\/p>","protected":false},"excerpt":{"rendered":"<p>Responsabilit\u00e9 du contenu Nous nous donnons du mal concernant le contenu de notre page. Malgr\u00e9 un soigneux traitment une responsabilit\u00e9 de notre part n\u00b4est pas possible. Comme fournisseurs de services selon \u00a7 7 al. 1 TMG nous sommes responsables de notre propre contenu sur ces pages conform\u00e9ment \u00e0 la loi g\u00e9n\u00e9rale. Selon \u00a7\u00a7 8 jusqu\u00b4\u00e0 [&hellip;]<\/p>\n","protected":false},"author":1,"featured_media":0,"parent":0,"menu_order":0,"comment_status":"closed","ping_status":"closed","template":"page-templates\/tpl-impressum.php","meta":{"footnotes":""},"class_list":["post-156","page","type-page","status-publish","hentry"],"aioseo_notices":[],"_links":{"self":[{"href":"https:\/\/gay-tantra-shop.com\/fr\/wp-json\/wp\/v2\/pages\/156","targetHints":{"allow":["GET"]}}],"collection":[{"href":"https:\/\/gay-tantra-shop.com\/fr\/wp-json\/wp\/v2\/pages"}],"about":[{"href":"https:\/\/gay-tantra-shop.com\/fr\/wp-json\/wp\/v2\/types\/page"}],"author":[{"embeddable":true,"href":"https:\/\/gay-tantra-shop.com\/fr\/wp-json\/wp\/v2\/users\/1"}],"replies":[{"embeddable":true,"href":"https:\/\/gay-tantra-shop.com\/fr\/wp-json\/wp\/v2\/comments?post=156"}],"version-history":[{"count":33,"href":"https:\/\/gay-tantra-shop.com\/fr\/wp-json\/wp\/v2\/pages\/156\/revisions"}],"predecessor-version":[{"id":6034,"href":"https:\/\/gay-tantra-shop.com\/fr\/wp-json\/wp\/v2\/pages\/156\/revisions\/6034"}],"wp:attachment":[{"href":"https:\/\/gay-tantra-shop.com\/fr\/wp-json\/wp\/v2\/media?parent=156"}],"curies":[{"name":"wp","href":"https:\/\/api.w.org\/{rel}","templated":true}]}}