{"id":333,"date":"2016-05-30T09:45:05","date_gmt":"2016-05-30T07:45:05","guid":{"rendered":"http:\/\/gay-tantra-shop.eu\/agb\/"},"modified":"2026-03-07T12:55:57","modified_gmt":"2026-03-07T11:55:57","slug":"agb","status":"publish","type":"page","link":"https:\/\/gay-tantra-shop.com\/fr\/agb\/","title":{"rendered":"Conditions G\u00e9n\u00e9rales de Vente"},"content":{"rendered":"<p><\/p>\n<div class=\"wrapper\"><\/p>\n<h3>\u00a71 Parties contractantes, conclusion d\u2019un contrat, Respecter les CGVs<\/h3>\n<p>1. Le contrat se fait entre vous et Armin Heining, GAY-TANTRA<sup>\u00ae<\/sup> International, Mehringdamm 32-34, 10991 Berlin, TVA : DE256243196. Les produits sont envoy\u00e9s de cette addresse ci-dessus.<\/p>\n<p>2. Le contrat devient valide par une offre de votre c\u00f4t\u00e9 (&lt;&gt;) et par l\u2019acceptation de la part de GAY-TANTRA<sup>\u00ae<\/sup>.<\/p>\n<p>3. Offre: En cliquant sur le bouton &lt;&gt; sur la page &lt;&gt;, l\u2019offre tant que vous pouvez le voir sur la page de commandes sera transf\u00e9r\u00e9 \u00e0 la page pour effectuer le paiement.<\/p>\n<p>4. Acceptation: L\u2019acceptation de la part de GAY-TANTRA<sup>\u00ae<\/sup> s\u2019effectue soit par l\u2019envoi du produit ou par l\u2018acc\u00e8s au t\u00e9l\u00e9chargement du produit ou \u00e9galement par une confirmation par e-mail, au cas o\u00f9 le produit ne pourra pas \u00eatre envoy\u00e9 imm\u00e9diatement. Une confirmation par e-mail peut \u00eatre donn\u00e9e uniquement si vous avez indiqu\u00e9 votre adresse e-mail sur la commande.<\/p>\n<p>5. Au cas o\u00f9 le produit ou la fonctionnalit\u00e9 du t\u00e9l\u00e9chargement n\u2019est pas disponible, aucun contrat n\u2019est fait. Nous vous informerons imm\u00e9diatement et nous vous rembourserons tout paiement que nous avons d\u00e9j\u00e0 re\u00e7us.<\/p>\n<p>6. Pour tout produit ou t\u00e9l\u00e9chargement qui sont marqu\u00e9s s\u00e9par\u00e9ment, nous avons besoin d\u2019un justificatif de votre \u00e2ge par un document officiel. Veuillez envoyer ce document en version \u00e9lectronique par e-mail \u00e0 info@gay-tantra.de.<\/p>\n<p>7. Ces Conditions G\u00e9n\u00e9rales de Vente font partie de chaque contrat, \u00e0 l\u2019exception qu\u2019il y ait d\u2019autres accords.<\/p>\n<p><\/div> \n<article class=\"content-grau\"><div class=\"wrapper\"><\/p>\n<h3>\u00a72 Prix<\/h3>\n<p>1. Tous les prix mentionn\u00e9s sont des prix finaux et comprennent la T.V.A (sauf pour les commandes des pays tiers).<\/p>\n<p>2. Le prix final est compos\u00e9 du prix des produits que vous avez s\u00e9lectionn\u00e9 plus les frais d\u2019envoi. Tenez en compte \u00a76 de ces CGVs concernant les frais d\u2019envoi et \u00a74 (5) concernant les d\u00e9bits retourn\u00e9s.<br \/>\n<\/div><\/article>\n<div class=\"wrapper\"><\/p>\n<h3>\u00a73 Droit de r\u00e9tractation et de r\u00e9siliation<\/h3>\n<p>1. Comme client, vous avez le droit de vous r\u00e9tracter du contrat dans les 14 jours apr\u00e8s la conclusion du contrat sans \u00eatre oblig\u00e9 \u00e0 donner des raisons. Afin de respecter le d\u00e9lai pr\u00e9vu, il suffit de nous informer de cette r\u00e9vocation \u00e0 temps. La r\u00e9vocation n\u2019est pas soumise \u00e0 avoir un format sp\u00e9cial, elle peut se faire en retournant le produit ensemble avec la facture. Le produit doit \u00eatre dans un \u00e9tat pas utilis\u00e9, complet et impeccable, pareil pour l\u2019emballage.<\/p>\n<p>2. Le droit de r\u00e9tractation ne s\u2019applique pas \u00e0 des produits qui contiennent des enregistrements audio ou visuels (CDs, DVDs, Blu-ray) s\u2019ils ont \u00e9t\u00e9 descell\u00e9s par vous.<\/p>\n<p>3. Addressez votre r\u00e9vocation \u00e0 Armin Heining, GAY-TANTRA<sup>\u00ae<\/sup> International, Mehringdamm 32-34, 10991 Berlin. Si vous d\u00e9sirez, cela pourra \u00e9galement se faire par t\u00e9l\u00e9phone: +49 170 4975 241.<\/p>\n<p>4. Dans le cas d\u2019une r\u00e9tractation, veuillez retourner les produits \u00e0 votre charge \u00e0 Armin Heining, GAY-TANTRA<sup>\u00ae<\/sup> International, Mehringdamm 32-34, 10991 Berlin. S\u2019il vous pla\u00eet, indiquez vos coordonn\u00e9es bancaires pour un remboursement rapide.<\/p>\n<p>5. Les frais de retour sont \u00e0 la charge du client jusqu\u2019\u00e0 un montant de la commande de EUR 40,00 sauf si les produits que nous avons envoy\u00e9s ne correspondent pas aux produits que vous avez command\u00e9. Si le montant de la commande est sup\u00e9rieur \u00e0 EUR 40,00 GAY-TANTRA<sup>\u00ae<\/sup> va vous rembourser les frais de retour. Le retour s\u2019effectue au risque de GAY-TANTRA<sup>\u00ae<\/sup>. S\u2019il vous pla\u00eet, ne nous retournez pas les produits insuffisamment affranchis, cela m\u00e8nera \u00e0 des frais d\u2019envoi plus \u00e9lev\u00e9 qui ne seront pas \u00eatre accept\u00e9s par nous.<\/p>\n<p>6. Avec la commande d\u2019un produit de t\u00e9l\u00e9chargement, le client accepte de t\u00e9l\u00e9charger ce produit dans le d\u00e9lai de 14 jours, avant l\u2019expiration du d\u00e9lai d\u2019opposition.<br \/>\nLe droit de r\u00e9tractation s\u2019\u00e9teint avec le t\u00e9l\u00e9chargement.<\/p>\n<p>7. La comp\u00e9tence judiciaire est \u00e0 Berlin, Allemagne<\/p>\n<p><\/div> \n<article class=\"content-grau\"><div class=\"wrapper\"><\/p>\n<h3>\u00a74 L\u2019envoi du produit, traitement du contrat, Paiement<\/h3>\n<p>1. Les produits qui sont \u00e0 t\u00e9l\u00e9charger seront pr\u00eats \u00e0 \u00eatre t\u00e9l\u00e9charg\u00e9 directement apr\u00e8s le paiement effectu\u00e9.<\/p>\n<p>2. L\u2019envoi de produits physiques s\u2019effectue selon leur disponibilit\u00e9 dans les 2 \u00e0 14 jours ouvrables. Au cas o\u00f9 vous avez besoin du produit jusqu\u2019\u00e0 une date donn\u00e9, n\u2019h\u00e9sitez pas \u00e0 nous l\u2019indiquer sur la commande.<\/p>\n<p>3. S\u2019il y a des produits qui ne sont pas disponibles au moment de la commande, vous recevrez d\u2019abord les produits disponibles. La livraison ult\u00e9rieure des produits manquants s\u2019effectue selon leur disponibilit\u00e9 et gratuitement.<\/p>\n<p>4. Concernant le paiement, on vous offrira plusieurs possibilit\u00e9s selon votre pays.<\/p>\n<p>5. Des co\u00fbts \u00e9ventuels r\u00e9sultant d\u2019une information incorrecte dans les coordonn\u00e9es bancaires (pr\u00e9l\u00e8vement bancaire) sont \u00e0 la charge du client.<\/p>\n<p><\/div><\/article>\n<div class=\"wrapper\"><\/p>\n<h3>\u00a75 Protection des donn\u00e9es<\/h3>\n<p>1. Les donn\u00e9es saisies par vous ne seront pas transmises \u00e0 des tiers, sauf si cela est n\u00e9cessaire afin de pouvoir traiter la commande.<\/p>\n<p>2. Il est par exemple absolument indispensable de donner votre adresse \u00e0 l\u2019entreprise de transport pour pouvoir vous envoyer le paquet ainsi que la transmission de vos coordonn\u00e9es bancaires \u00e0 notre banque.<\/p>\n<p>3. Vos donn\u00e9es personnelles seront utilis\u00e9es uniquement pour le traitement de la commande et ne seront pas exploit\u00e9es \u00e0 d\u2019autres fins.<\/p>\n<p><\/div> \n<article class=\"content-grau\"><div class=\"wrapper\"><\/p>\n<h3>\u00a76 Frais d\u2018envoi<\/h3>\n<p>1. Il n\u2019y a pas de frais d\u2019envoi pour les produits digitaux (E-Books, t\u00e9l\u00e9chargements MP3 et zip, &#8230;).<\/p>\n<p>2. Pour des produits physiques, les frais d\u2019envoi pour l\u2019Allemagne sont par d\u00e9faut EUR 4,50 jusqu\u2019\u00e0 une valeur de commande de EUR 100,00. Si le montant d\u2019achat d\u00e9passe cette valeur, l\u2019envoi est gratuit pour vous.<\/p>\n<p>3. Les frais d\u2019envoi \u00e0 d\u2019autres pays europ\u00e9ens sont par d\u00e9faut EUR 10,00 jusqu\u2019\u00e0 une valeur de commande de EUR 100. Si le montant d\u2019achat d\u00e9passe les EUR 100, les frais d\u2019envoi seront EUR 12,50.<\/p>\n<p>4. Les frais d\u2019envoi au monde entier\/international sont par d\u00e9faut EUR 15,00 jusqu\u2019\u00e0 une valeur de commande de EUR 100. Si le montant d\u2019achat d\u00e9passe les EUR 100, les frais d\u2019envoi seront EUR 28,00.<\/p>\n<p><\/div><\/article>\n<div class=\"wrapper\"><\/p>\n<h3>\u00a77 Licences pour le t\u00e9l\u00e9chargement<\/h3>\n<p>Le client peut obtenir des licences pour le t\u00e9l\u00e9chargement gratuitement ou contre r\u00e9mun\u00e9ration et les t\u00e9l\u00e9charger sur des appareils de son choix, par exemple eReader, Smartphone. Pour utiliser ces fonctions, le client a besoin d\u2019une configuration minimal requise et d\u2019un logiciel de lecture, par exemple le eReader. Des co\u00fbts \u00e9ventuels de connexion sont \u00e0 la charge du client envers son fournisseur du service.<br \/>\n<\/div> \n<article class=\"content-grau\"><div class=\"wrapper\"><\/p>\n<h3>\u00a78 Droits d\u2019auteurs t\u00e9l\u00e9chargements<\/h3>\n<p>1. Les t\u00e9l\u00e9chargements sont soumis aux droits d\u2019auteurs. GAY-TANTRA<sup>\u00ae<\/sup> ne transmet pas le droit d\u2019auteur par le t\u00e9l\u00e9chargement du produit. Le client obtient le simple droit, qui n\u2019est pas transmissible, d\u2019utiliser les titres t\u00e9l\u00e9charg\u00e9s uniquement d\u2019une mani\u00e8re personnelle et non-commerciale selon la loi sur le droit d\u2019auteur.<\/p>\n<p>2. Le client a le droit de t\u00e9l\u00e9charger le produit une seule fois et de le copier \u00e0 des appareils \u00e0 lui pour l\u2019usage personnel exclusivement. De plus, il est interdit de modifier les t\u00e9l\u00e9chargements d\u2019une mani\u00e8re ou d\u2019une autre dans leur contenu ou r\u00e9daction. Il est interdit d\u2019utiliser des versions modifi\u00e9es, de les copier pour des tiers, de les faire accessibles au public ou bien de les transf\u00e9rer, de les publier sur internet ou dans d\u2019autres r\u00e9seaux gratuitement ou non, de les imiter, imprimer, revendre ou utiliser \u00e0 des fins commerciales.<\/p>\n<p>3. Dans la mesure du possible, GAY-TANTRA<sup>\u00ae<\/sup>, Armin Heining, va essayer de mettre \u00e0 disposition du client l\u2019option d\u2019autres t\u00e9l\u00e9chargements sur le m\u00eame produit achet\u00e9 apr\u00e8s le premier t\u00e9l\u00e9chargement complet r\u00e9ussi (Re-Downloads); pourtant il n\u2019en existe aucun droit \u00e0 cet option. GAY-TANTRA<sup>\u00ae<\/sup>, Armin Heining, est autoris\u00e9 \u00e0 changer, \u00e0 interrompre ou \u00e0 compl\u00e8tement arr\u00eater la possibilit\u00e9 du t\u00e9l\u00e9chargement \u00e0 tout moment, soit de fa\u00e7on temporaire ou permanente.<\/p>\n<p>4. Les t\u00e9l\u00e9chargements peuvent \u00eatre marqu\u00e9s avec des filigranes num\u00e9riques individuels, ainsi qu\u2019il est possible d\u2019identifier et de poursuivre l\u2019acheteur original en cas d\u2019abus. Les t\u00e9l\u00e9chargements peuvent \u00eatre prot\u00e9g\u00e9s aussi par un DRM (Adobe Digital Rights Management) contre la copie ill\u00e9gale. L\u2019usage de ces t\u00e9l\u00e9chargements sur les appareils du client est uniquement possible par l\u2019identification Adobe du client.<\/p>\n<p><\/div><\/article>\n<div class=\"wrapper\"><\/p>\n<h3>\u00a79 R\u00e9serve de propri\u00e9t\u00e9<\/h3>\n<p>1. Le produit reste l&rsquo;enti\u00e8re propri\u00e9t\u00e9 de nous jusqu&rsquo;au paiement complet.<br \/>\n<\/div> \n<article class=\"content-grau\"><div class=\"wrapper\"><\/p>\n<h3>\u00a710 Garantie<\/h3>\n<p>1. Il s\u2019applique la garantie impos\u00e9e de la loi, qui est de deux ans. Cette p\u00e9riode de la garantie l\u00e9gale commence avec la date d\u2019achat. (Date de la facture = envoi du produit).<br \/>\n<\/div><\/article>\n<div class=\"wrapper\">\n<h3>\u00a711 Divers<\/h3>\n<p>1. Le contrat est r\u00e9gi par le droit allemand. Si une disposition de ce contrat devient invalide ou si le contrat contient une lacune, cela n&rsquo;a aucune influence sur la validit\u00e9 du reste du contrat.<\/p>\n<p>Si vous avez des questions ou une demande sp\u00e9cifique, s\u2019il vous pla\u00eet, n\u2019h\u00e9sitez pas \u00e0 nous appeler. Dans le contact direct, les choses peuvent \u00eatre r\u00e9gl\u00e9es plus facilement.<\/p>\n<p><\/div> <br \/>\n<div class=\"woocommerce woocommerce-gzd woocommerce-gzd-complaints-shortcode\">\n\t\t\t<h3>Alternative Dispute Resolution in accordance with Art. 14 (1) ODR-VO and \u00a7 36 VSBG:<\/h3>\n\t\nZur Teilnahme an einem Streitbeilegungsverfahren vor einer Verbraucherschlichtungsstelle sind wir nicht verpflichtet und nicht bereit.<\/div><\/p>\n<p><\/p>","protected":false},"excerpt":{"rendered":"","protected":false},"author":1,"featured_media":0,"parent":0,"menu_order":0,"comment_status":"closed","ping_status":"closed","template":"","meta":{"footnotes":""},"class_list":["post-333","page","type-page","status-publish","hentry"],"aioseo_notices":[],"_links":{"self":[{"href":"https:\/\/gay-tantra-shop.com\/fr\/wp-json\/wp\/v2\/pages\/333","targetHints":{"allow":["GET"]}}],"collection":[{"href":"https:\/\/gay-tantra-shop.com\/fr\/wp-json\/wp\/v2\/pages"}],"about":[{"href":"https:\/\/gay-tantra-shop.com\/fr\/wp-json\/wp\/v2\/types\/page"}],"author":[{"embeddable":true,"href":"https:\/\/gay-tantra-shop.com\/fr\/wp-json\/wp\/v2\/users\/1"}],"replies":[{"embeddable":true,"href":"https:\/\/gay-tantra-shop.com\/fr\/wp-json\/wp\/v2\/comments?post=333"}],"version-history":[{"count":23,"href":"https:\/\/gay-tantra-shop.com\/fr\/wp-json\/wp\/v2\/pages\/333\/revisions"}],"predecessor-version":[{"id":7096,"href":"https:\/\/gay-tantra-shop.com\/fr\/wp-json\/wp\/v2\/pages\/333\/revisions\/7096"}],"wp:attachment":[{"href":"https:\/\/gay-tantra-shop.com\/fr\/wp-json\/wp\/v2\/media?parent=333"}],"curies":[{"name":"wp","href":"https:\/\/api.w.org\/{rel}","templated":true}]}}