{"id":1104,"date":"2016-07-14T16:31:47","date_gmt":"2016-07-14T14:31:47","guid":{"rendered":"http:\/\/gay-tantra-shop.eu\/shop\/webshop\/gay-tantra-filme\/dvd-puissance-strong-man-armin-heining\/"},"modified":"2022-02-24T13:53:05","modified_gmt":"2022-02-24T12:53:05","slug":"dvd-puissance-strong-man-armin-heining","status":"publish","type":"product","link":"https:\/\/gay-tantra-shop.com\/fr\/produkt\/dvd-puissance-strong-man-armin-heining\/","title":{"rendered":"DVD: Puissance (Strong Man) [Armin Heining]"},"content":{"rendered":"<p><\/p>\n<p>Pour des \u00c9rections longues et bien dures!<\/p>\n<p>Stimuler votre libido et d\u00e9cupler vos orgasmes !<\/p>\n<p><\/p>","protected":false},"excerpt":{"rendered":"<p>Armin Heining<br \/>\nRestriction d\u2019\u00e2ge: 16 ans<br \/>\nLangue: Fran\u00e7ais, Anglais<br \/>\nDur\u00e9e : 63 minutes de plaisirs + 23 minutes bonus de orgasmes multiples<br \/>\nBonus: Bande-Annonce<br \/>\nFormat d&#039;image: 16\/9<\/p>\n<hr \/>\n<p><\/p>\n<p>A travers des techniques simples et accessibles, apprenez \u00e0 d\u00e9cupler votre puissance, \u00e0 ma\u00eetriser votre \u00e9rection, \u00e0 retenir votre \u00e9jaculation\u2026<\/p>\n<p>Dans la partie bonus, approfondissez vos connaissances sur la philosophie du Gay Tantra, port\u00e9e par Armin Heining.<\/p>\n","protected":false},"featured_media":5647,"comment_status":"open","ping_status":"closed","template":"","meta":[],"product_brand":[],"product_cat":[16,8,10],"product_tag":[],"class_list":{"0":"post-1104","1":"product","2":"type-product","3":"status-publish","4":"has-post-thumbnail","6":"product_cat-webshop","7":"product_cat-gay-tantra-filme","8":"product_cat-ratgeber-videos","10":"first","11":"instock","12":"taxable","13":"shipping-taxable","14":"purchasable","15":"product-type-simple"},"bundle_layout":"","bundled_by":[],"bundled_items":[],"aioseo_notices":[],"_links":{"self":[{"href":"https:\/\/gay-tantra-shop.com\/fr\/wp-json\/wp\/v2\/product\/1104","targetHints":{"allow":["GET"]}}],"collection":[{"href":"https:\/\/gay-tantra-shop.com\/fr\/wp-json\/wp\/v2\/product"}],"about":[{"href":"https:\/\/gay-tantra-shop.com\/fr\/wp-json\/wp\/v2\/types\/product"}],"replies":[{"embeddable":true,"href":"https:\/\/gay-tantra-shop.com\/fr\/wp-json\/wp\/v2\/comments?post=1104"}],"wp:featuredmedia":[{"embeddable":true,"href":"https:\/\/gay-tantra-shop.com\/fr\/wp-json\/wp\/v2\/media\/5647"}],"wp:attachment":[{"href":"https:\/\/gay-tantra-shop.com\/fr\/wp-json\/wp\/v2\/media?parent=1104"}],"wp:term":[{"taxonomy":"product_brand","embeddable":true,"href":"https:\/\/gay-tantra-shop.com\/fr\/wp-json\/wp\/v2\/product_brand?post=1104"},{"taxonomy":"product_cat","embeddable":true,"href":"https:\/\/gay-tantra-shop.com\/fr\/wp-json\/wp\/v2\/product_cat?post=1104"},{"taxonomy":"product_tag","embeddable":true,"href":"https:\/\/gay-tantra-shop.com\/fr\/wp-json\/wp\/v2\/product_tag?post=1104"}],"curies":[{"name":"wp","href":"https:\/\/api.w.org\/{rel}","templated":true}]}}