{"id":1161,"date":"2016-08-03T12:51:03","date_gmt":"2016-08-03T10:51:03","guid":{"rendered":"http:\/\/gay-tantra-shop.eu\/shop\/downloads\/armin-heining-strong-man-3\/"},"modified":"2022-02-25T11:39:46","modified_gmt":"2022-02-25T10:39:46","slug":"armin-heining-strong-man-3","status":"publish","type":"product","link":"https:\/\/gay-tantra-shop.com\/fr\/produkt\/armin-heining-strong-man-3\/","title":{"rendered":"Armin Heining: Strong Man"},"content":{"rendered":"<p>Des \u00e9rections plus longues et plus dures, pas d&rsquo;\u00e9jaculations pr\u00e9coces<\/p>\n","protected":false},"excerpt":{"rendered":"<p>La \u00ab\u00a0meilleure part\u00a0\u00bb de l\u2019homme a ses caprices. Comment les g\u00e9rer? Armin en parle.<\/p>\n<p>Film de Bonus du GAY-TANTRA DVD \u00ab\u00a0Puissance &#8211; Strong Man\u00a0\u00bb (Mai 2015)<\/p>\n<p>Dur\u00e9e: 7:52 minutes<br \/>\n Langue: Fran\u00e7ais<\/p>\n","protected":false},"featured_media":5682,"comment_status":"open","ping_status":"closed","template":"","meta":[],"product_brand":[],"product_cat":[19,20,56],"product_tag":[],"class_list":{"0":"post-1161","1":"product","2":"type-product","3":"status-publish","4":"has-post-thumbnail","6":"product_cat-downloads","7":"product_cat-gay-tantra-filme-downloads","8":"product_cat-bonusfilme","10":"first","11":"instock","12":"downloadable","13":"virtual","14":"taxable","15":"purchasable","16":"product-type-simple"},"bundle_layout":"","bundled_by":[],"bundled_items":[],"aioseo_notices":[],"_links":{"self":[{"href":"https:\/\/gay-tantra-shop.com\/fr\/wp-json\/wp\/v2\/product\/1161","targetHints":{"allow":["GET"]}}],"collection":[{"href":"https:\/\/gay-tantra-shop.com\/fr\/wp-json\/wp\/v2\/product"}],"about":[{"href":"https:\/\/gay-tantra-shop.com\/fr\/wp-json\/wp\/v2\/types\/product"}],"replies":[{"embeddable":true,"href":"https:\/\/gay-tantra-shop.com\/fr\/wp-json\/wp\/v2\/comments?post=1161"}],"wp:featuredmedia":[{"embeddable":true,"href":"https:\/\/gay-tantra-shop.com\/fr\/wp-json\/wp\/v2\/media\/5682"}],"wp:attachment":[{"href":"https:\/\/gay-tantra-shop.com\/fr\/wp-json\/wp\/v2\/media?parent=1161"}],"wp:term":[{"taxonomy":"product_brand","embeddable":true,"href":"https:\/\/gay-tantra-shop.com\/fr\/wp-json\/wp\/v2\/product_brand?post=1161"},{"taxonomy":"product_cat","embeddable":true,"href":"https:\/\/gay-tantra-shop.com\/fr\/wp-json\/wp\/v2\/product_cat?post=1161"},{"taxonomy":"product_tag","embeddable":true,"href":"https:\/\/gay-tantra-shop.com\/fr\/wp-json\/wp\/v2\/product_tag?post=1161"}],"curies":[{"name":"wp","href":"https:\/\/api.w.org\/{rel}","templated":true}]}}