{"id":1163,"date":"2016-08-03T15:33:45","date_gmt":"2016-08-03T13:33:45","guid":{"rendered":"http:\/\/gay-tantra-shop.eu\/shop\/downloads\/stille-und-ekstase-meditation-tantra-in-verbindung\/"},"modified":"2022-02-03T14:42:05","modified_gmt":"2022-02-03T13:42:05","slug":"stille-und-ekstase-meditation-tantra-in-verbindung","status":"publish","type":"product","link":"https:\/\/gay-tantra-shop.com\/fr\/produkt\/stille-und-ekstase-meditation-tantra-in-verbindung\/","title":{"rendered":"Stille und Ekstase. Meditation &#038; Tantra in Verbindung"},"content":{"rendered":"<p>&lsquo;Stille-Meditation ist die intimste Weise, mit sich selbst zu sein; Und GAY-TANTRA ist die intimste Weise, mit einem Partner zu sein.&rsquo;<\/p>\n","protected":false},"excerpt":{"rendered":"<p>Gotthard und Norbert, die beiden Darsteller im Film haben sich auf den Weg von Meditation und Tantra gemacht. Sie zeigen unter Anleitung von Armin, wie sie gegenstandsfreie Meditation ein\u00fcben und sich im k\u00f6rperlich-sexuellen Kontakt der &#039;Welle der Gl\u00fcckseligkeit&#039; wiedertreffen, ohne dadurch Gegens\u00e4tze aufzubauen.<\/p>\n<p>Dauer: 15:18 Minuten<br \/>\n Sprache: Deutsch<\/p>\n","protected":false},"featured_media":1167,"comment_status":"open","ping_status":"closed","template":"","meta":[],"product_brand":[],"product_cat":[19,20,56],"product_tag":[],"class_list":{"0":"post-1163","1":"product","2":"type-product","3":"status-publish","4":"has-post-thumbnail","6":"product_cat-downloads","7":"product_cat-gay-tantra-filme-downloads","8":"product_cat-bonusfilme","10":"first","11":"instock","12":"downloadable","13":"virtual","14":"taxable","15":"purchasable","16":"product-type-simple"},"bundle_layout":"","bundled_by":[],"bundled_items":[],"aioseo_notices":[],"_links":{"self":[{"href":"https:\/\/gay-tantra-shop.com\/fr\/wp-json\/wp\/v2\/product\/1163","targetHints":{"allow":["GET"]}}],"collection":[{"href":"https:\/\/gay-tantra-shop.com\/fr\/wp-json\/wp\/v2\/product"}],"about":[{"href":"https:\/\/gay-tantra-shop.com\/fr\/wp-json\/wp\/v2\/types\/product"}],"replies":[{"embeddable":true,"href":"https:\/\/gay-tantra-shop.com\/fr\/wp-json\/wp\/v2\/comments?post=1163"}],"wp:featuredmedia":[{"embeddable":true,"href":"https:\/\/gay-tantra-shop.com\/fr\/wp-json\/wp\/v2\/media\/1167"}],"wp:attachment":[{"href":"https:\/\/gay-tantra-shop.com\/fr\/wp-json\/wp\/v2\/media?parent=1163"}],"wp:term":[{"taxonomy":"product_brand","embeddable":true,"href":"https:\/\/gay-tantra-shop.com\/fr\/wp-json\/wp\/v2\/product_brand?post=1163"},{"taxonomy":"product_cat","embeddable":true,"href":"https:\/\/gay-tantra-shop.com\/fr\/wp-json\/wp\/v2\/product_cat?post=1163"},{"taxonomy":"product_tag","embeddable":true,"href":"https:\/\/gay-tantra-shop.com\/fr\/wp-json\/wp\/v2\/product_tag?post=1163"}],"curies":[{"name":"wp","href":"https:\/\/api.w.org\/{rel}","templated":true}]}}