{"id":1166,"date":"2016-08-03T15:45:41","date_gmt":"2016-08-03T13:45:41","guid":{"rendered":"http:\/\/gay-tantra-shop.eu\/shop\/downloads\/serenite-et-extase-lien-entre-le-tantra-et-la-meditation\/"},"modified":"2022-02-03T14:34:36","modified_gmt":"2022-02-03T13:34:36","slug":"serenite-et-extase-lien-entre-le-tantra-et-la-meditation","status":"publish","type":"product","link":"https:\/\/gay-tantra-shop.com\/fr\/produkt\/serenite-et-extase-lien-entre-le-tantra-et-la-meditation\/","title":{"rendered":"S\u00e9r\u00e9nit\u00e9 et Extase. Lien entre le tantra et la m\u00e9ditation"},"content":{"rendered":"<p><\/p>\n<p>&lsquo;La m\u00e9ditation silencieuse est la mani\u00e8re la plus intime d\u2019\u00eatre avec soi-m\u00eame ; Et GAY-TANTRA est la mani\u00e8re la plus intime d\u2019\u00eatre avec un partenaire.&rsquo;<\/p>\n<p><\/p>","protected":false},"excerpt":{"rendered":"<p>&#039;La m\u00e9ditation silencieuse est la mani\u00e8re la plus intime d\u2019\u00eatre avec soi-m\u00eame ; Et GAY-TANTRA est la mani\u00e8re la plus intime d\u2019\u00eatre avec un partenaire.&#039;<\/p>\n<p>Dur\u00e9e: 15:18 minutes<br \/>\n Langue: Fran\u00e7ais<\/p>\n","protected":false},"featured_media":1167,"comment_status":"open","ping_status":"closed","template":"","meta":[],"product_brand":[],"product_cat":[19,20,56],"product_tag":[],"class_list":{"0":"post-1166","1":"product","2":"type-product","3":"status-publish","4":"has-post-thumbnail","6":"product_cat-downloads","7":"product_cat-gay-tantra-filme-downloads","8":"product_cat-bonusfilme","10":"first","11":"instock","12":"downloadable","13":"virtual","14":"taxable","15":"purchasable","16":"product-type-simple"},"bundle_layout":"","bundled_by":[],"bundled_items":[],"aioseo_notices":[],"_links":{"self":[{"href":"https:\/\/gay-tantra-shop.com\/fr\/wp-json\/wp\/v2\/product\/1166","targetHints":{"allow":["GET"]}}],"collection":[{"href":"https:\/\/gay-tantra-shop.com\/fr\/wp-json\/wp\/v2\/product"}],"about":[{"href":"https:\/\/gay-tantra-shop.com\/fr\/wp-json\/wp\/v2\/types\/product"}],"replies":[{"embeddable":true,"href":"https:\/\/gay-tantra-shop.com\/fr\/wp-json\/wp\/v2\/comments?post=1166"}],"wp:featuredmedia":[{"embeddable":true,"href":"https:\/\/gay-tantra-shop.com\/fr\/wp-json\/wp\/v2\/media\/1167"}],"wp:attachment":[{"href":"https:\/\/gay-tantra-shop.com\/fr\/wp-json\/wp\/v2\/media?parent=1166"}],"wp:term":[{"taxonomy":"product_brand","embeddable":true,"href":"https:\/\/gay-tantra-shop.com\/fr\/wp-json\/wp\/v2\/product_brand?post=1166"},{"taxonomy":"product_cat","embeddable":true,"href":"https:\/\/gay-tantra-shop.com\/fr\/wp-json\/wp\/v2\/product_cat?post=1166"},{"taxonomy":"product_tag","embeddable":true,"href":"https:\/\/gay-tantra-shop.com\/fr\/wp-json\/wp\/v2\/product_tag?post=1166"}],"curies":[{"name":"wp","href":"https:\/\/api.w.org\/{rel}","templated":true}]}}