{"id":1266,"date":"2016-08-18T15:51:04","date_gmt":"2016-08-18T13:51:04","guid":{"rendered":"https:\/\/gay-tantra-shop.eu\/produkt\/3-multiple-orgasms-videos-one-price-armin-heining-kopie\/"},"modified":"2023-01-25T10:01:17","modified_gmt":"2023-01-25T09:01:17","slug":"ensemble-3-dvds-multiple-orgasms-un-prix-armin-heining","status":"publish","type":"product","link":"https:\/\/gay-tantra-shop.com\/fr\/produkt\/ensemble-3-dvds-multiple-orgasms-un-prix-armin-heining\/","title":{"rendered":"3 DVDs &lsquo;Orgasmes Multiples&rsquo;, Un Prix [Armin Heining]"},"content":{"rendered":"<p><span id=\"result_box\" class=\"\" lang=\"fr\"><span class=\"\">Les<\/span> 3 GAY-TANTRA &lsquo;Orgasmes Multiples&rsquo; DVDs <span class=\"\">dans un ensemble<\/span><span class=\"\">.<\/span><\/span><\/p>\n","protected":false},"excerpt":{"rendered":"<p><span id=\"result_box\" class=\"\" lang=\"fr\">Armin Heining<br \/>\n \u00c2ge: 18<\/p>\n<p> Tous les 3 GAY-TANTRA &#039;Orgasmes Multiples&#039; DVDs r\u00e9veillent votre potentiel sexuel complet! Connectez avec Passion &#8211; Flow &#8211; Puissance &#8211; Amour &#8211; V\u00e9rit\u00e9 &#8211; Clart\u00e9 et Perspicacit\u00e9!<\/p>\n<p> GAY-TANTRA &#8211; Massage G\u00e9nital<br \/>\n GAY-TANTRA &#8211; Massages Anal &amp; Prostate<br \/>\n GAY-TANTRA &#8211; L&#039;Orgasme Supr\u00eame Gay<\/p>\n<p> Auteur: Armin Heining<br \/>\n FSK: Approuv\u00e9 pour les t\u00e9l\u00e9spectateurs de plus de 18 ans<br \/>\n Langue:\u00a0<span class=\"\">Fran\u00e7ais<\/span><br \/>\n Format: PAL<br \/>\n Total des <span class=\"\">temps de fonctionnement<\/span>: 66 minutes | 70 minutes | 87 minutes<br \/>\n Inclusive divers films de bonus<\/span><\/p>\n","protected":false},"featured_media":1270,"comment_status":"open","ping_status":"closed","template":"","meta":[],"product_brand":[],"product_cat":[16,8,11],"product_tag":[],"class_list":{"0":"post-1266","1":"product","2":"type-product","3":"status-publish","4":"has-post-thumbnail","6":"product_cat-webshop","7":"product_cat-gay-tantra-filme","8":"product_cat-special-angebote","10":"first","11":"instock","12":"taxable","13":"shipping-taxable","14":"purchasable","15":"product-type-simple"},"bundle_layout":"","bundled_by":[],"bundled_items":[],"aioseo_notices":[],"_links":{"self":[{"href":"https:\/\/gay-tantra-shop.com\/fr\/wp-json\/wp\/v2\/product\/1266","targetHints":{"allow":["GET"]}}],"collection":[{"href":"https:\/\/gay-tantra-shop.com\/fr\/wp-json\/wp\/v2\/product"}],"about":[{"href":"https:\/\/gay-tantra-shop.com\/fr\/wp-json\/wp\/v2\/types\/product"}],"replies":[{"embeddable":true,"href":"https:\/\/gay-tantra-shop.com\/fr\/wp-json\/wp\/v2\/comments?post=1266"}],"wp:featuredmedia":[{"embeddable":true,"href":"https:\/\/gay-tantra-shop.com\/fr\/wp-json\/wp\/v2\/media\/1270"}],"wp:attachment":[{"href":"https:\/\/gay-tantra-shop.com\/fr\/wp-json\/wp\/v2\/media?parent=1266"}],"wp:term":[{"taxonomy":"product_brand","embeddable":true,"href":"https:\/\/gay-tantra-shop.com\/fr\/wp-json\/wp\/v2\/product_brand?post=1266"},{"taxonomy":"product_cat","embeddable":true,"href":"https:\/\/gay-tantra-shop.com\/fr\/wp-json\/wp\/v2\/product_cat?post=1266"},{"taxonomy":"product_tag","embeddable":true,"href":"https:\/\/gay-tantra-shop.com\/fr\/wp-json\/wp\/v2\/product_tag?post=1266"}],"curies":[{"name":"wp","href":"https:\/\/api.w.org\/{rel}","templated":true}]}}