{"id":1313,"date":"2016-09-06T14:05:05","date_gmt":"2016-09-06T12:05:05","guid":{"rendered":"https:\/\/gay-tantra-shop.eu\/produkt\/cd-osho-dynamic-meditation-deuter-3\/"},"modified":"2023-12-19T10:47:09","modified_gmt":"2023-12-19T09:47:09","slug":"cd-osho-dynamic-meditation-deuter-3","status":"publish","type":"product","link":"https:\/\/gay-tantra-shop.com\/fr\/produkt\/cd-osho-dynamic-meditation-deuter-3\/","title":{"rendered":"CD: Osho Dynamic Meditation [Deuter]"},"content":{"rendered":"<p>La m\u00e9ditation dynamique est un m\u00e9ditation actif populaire du matin pour l&rsquo;homme et la femme. Tensions non r\u00e9solues bloquent l&rsquo;ecoulement naturel de l&rsquo;energie dans notre corps. Cela affecte notre capacit\u00e9 \u00e0 penser, et la fa\u00e7on dont nous nous adressons \u00e0 d&rsquo;autres.<\/p>\n","protected":false},"excerpt":{"rendered":"<div class=\"gProdDescription\"><strong>Osho<\/strong><\/div>\n<div class=\"gCod\"><strong>ISBN\/EAN<\/strong>: 9783931254018<\/div>\n<p>&nbsp;<\/p>\n<div class=\"gProdDescription\">\n<p>La m\u00e9ditation dynamique est un m\u00e9ditation actif populaire du matin pour l&rsquo;homme et la femme. Tensions non r\u00e9solues bloquent l&rsquo;ecoulement naturel de l&rsquo;energie dans notre corps. Cela affecte notre capacit\u00e9 \u00e0 penser, et la fa\u00e7on dont nous nous adressons \u00e0 d&rsquo;autres.<\/p>\n<\/div>\n","protected":false},"featured_media":70,"comment_status":"open","ping_status":"closed","template":"","meta":[],"product_brand":[],"product_cat":[16,6,14],"product_tag":[],"class_list":{"0":"post-1313","1":"product","2":"type-product","3":"status-publish","4":"has-post-thumbnail","6":"product_cat-webshop","7":"product_cat-music","8":"product_cat-meditation-dynamisch","10":"first","11":"outofstock","12":"taxable","13":"shipping-taxable","14":"purchasable","15":"product-type-simple"},"bundle_layout":"","bundled_by":[],"bundled_items":[],"aioseo_notices":[],"_links":{"self":[{"href":"https:\/\/gay-tantra-shop.com\/fr\/wp-json\/wp\/v2\/product\/1313","targetHints":{"allow":["GET"]}}],"collection":[{"href":"https:\/\/gay-tantra-shop.com\/fr\/wp-json\/wp\/v2\/product"}],"about":[{"href":"https:\/\/gay-tantra-shop.com\/fr\/wp-json\/wp\/v2\/types\/product"}],"replies":[{"embeddable":true,"href":"https:\/\/gay-tantra-shop.com\/fr\/wp-json\/wp\/v2\/comments?post=1313"}],"wp:featuredmedia":[{"embeddable":true,"href":"https:\/\/gay-tantra-shop.com\/fr\/wp-json\/wp\/v2\/media\/70"}],"wp:attachment":[{"href":"https:\/\/gay-tantra-shop.com\/fr\/wp-json\/wp\/v2\/media?parent=1313"}],"wp:term":[{"taxonomy":"product_brand","embeddable":true,"href":"https:\/\/gay-tantra-shop.com\/fr\/wp-json\/wp\/v2\/product_brand?post=1313"},{"taxonomy":"product_cat","embeddable":true,"href":"https:\/\/gay-tantra-shop.com\/fr\/wp-json\/wp\/v2\/product_cat?post=1313"},{"taxonomy":"product_tag","embeddable":true,"href":"https:\/\/gay-tantra-shop.com\/fr\/wp-json\/wp\/v2\/product_tag?post=1313"}],"curies":[{"name":"wp","href":"https:\/\/api.w.org\/{rel}","templated":true}]}}