{"id":1323,"date":"2016-09-07T11:06:03","date_gmt":"2016-09-07T09:06:03","guid":{"rendered":"https:\/\/gay-tantra-shop.eu\/produkt\/cd-heart-chakra-meditation-vol-2-karunesh-3\/"},"modified":"2023-12-19T10:46:30","modified_gmt":"2023-12-19T09:46:30","slug":"cd-heart-chakra-meditation-vol-2-karunesh-3","status":"publish","type":"product","link":"https:\/\/gay-tantra-shop.com\/fr\/produkt\/cd-heart-chakra-meditation-vol-2-karunesh-3\/","title":{"rendered":"CD: Heart Chakra Meditation Vol. 2 [Karunesh]"},"content":{"rendered":"<p>Heart Chakra Meditation II<\/p>\n","protected":false},"excerpt":{"rendered":"<p><strong>Karunesh<\/strong><br \/>\n <strong>ISBN\/EAN<\/strong>: 0851324002023<\/p>\n<p>Heart Chakra Meditation II.<\/p>\n<p>Cette m\u00e9ditation vous aide \u00e0 ouvrir votre coeur et votre corps et de recharger votre \u00e2me avec nouvelle \u00e9nergie. Dans le CD de suivi de \u00ab\u00a0Heart Chakra Meditation\u00a0\u00bb vous trouvez de nouveaux exercices et de nouvelles musiques o\u00f9 vous pouvez pratiquer les exercices des deux CDs. Le vent frais pour votre practique de la m\u00e9ditation pour atteindre l&rsquo;harmonie int\u00e9rieure.<\/p>\n","protected":false},"featured_media":47,"comment_status":"open","ping_status":"closed","template":"","meta":[],"product_brand":[],"product_cat":[16,6,14],"product_tag":[],"class_list":{"0":"post-1323","1":"product","2":"type-product","3":"status-publish","4":"has-post-thumbnail","6":"product_cat-webshop","7":"product_cat-music","8":"product_cat-meditation-dynamisch","10":"first","11":"outofstock","12":"taxable","13":"shipping-taxable","14":"purchasable","15":"product-type-simple"},"bundle_layout":"","bundled_by":[],"bundled_items":[],"aioseo_notices":[],"_links":{"self":[{"href":"https:\/\/gay-tantra-shop.com\/fr\/wp-json\/wp\/v2\/product\/1323","targetHints":{"allow":["GET"]}}],"collection":[{"href":"https:\/\/gay-tantra-shop.com\/fr\/wp-json\/wp\/v2\/product"}],"about":[{"href":"https:\/\/gay-tantra-shop.com\/fr\/wp-json\/wp\/v2\/types\/product"}],"replies":[{"embeddable":true,"href":"https:\/\/gay-tantra-shop.com\/fr\/wp-json\/wp\/v2\/comments?post=1323"}],"wp:featuredmedia":[{"embeddable":true,"href":"https:\/\/gay-tantra-shop.com\/fr\/wp-json\/wp\/v2\/media\/47"}],"wp:attachment":[{"href":"https:\/\/gay-tantra-shop.com\/fr\/wp-json\/wp\/v2\/media?parent=1323"}],"wp:term":[{"taxonomy":"product_brand","embeddable":true,"href":"https:\/\/gay-tantra-shop.com\/fr\/wp-json\/wp\/v2\/product_brand?post=1323"},{"taxonomy":"product_cat","embeddable":true,"href":"https:\/\/gay-tantra-shop.com\/fr\/wp-json\/wp\/v2\/product_cat?post=1323"},{"taxonomy":"product_tag","embeddable":true,"href":"https:\/\/gay-tantra-shop.com\/fr\/wp-json\/wp\/v2\/product_tag?post=1323"}],"curies":[{"name":"wp","href":"https:\/\/api.w.org\/{rel}","templated":true}]}}