{"id":1327,"date":"2016-09-07T13:32:38","date_gmt":"2016-09-07T11:32:38","guid":{"rendered":"https:\/\/gay-tantra-shop.eu\/produkt\/cd-kraftquelle-shantiprem-ziegler-3\/"},"modified":"2023-12-19T10:45:19","modified_gmt":"2023-12-19T09:45:19","slug":"cd-kraftquelle-shantiprem-ziegler-3","status":"publish","type":"product","link":"https:\/\/gay-tantra-shop.com\/fr\/produkt\/cd-kraftquelle-shantiprem-ziegler-3\/","title":{"rendered":"CD: Kraftquelle &#8211; Aktivierung von Kraft und Ruhe [Shantiprem \/ Ziegler]"},"content":{"rendered":"<p><span id=\"result_box\" class=\"\" lang=\"fr\">M\u00e9ditation pour activer <span class=\"\">la puissance et<\/span> <span class=\"\">silence<\/span><\/span><\/p>\n","protected":false},"excerpt":{"rendered":"<div class=\"gProdDescription\"><strong>Gerd B. Ziegler &amp; Shantiprem<\/strong><\/div>\n<p>&nbsp;<\/p>\n<div class=\"gProdDescription\">Ceci est un 45 minutes m\u00e9ditation active en cinq \u00e9tapes. Tr\u00e8s appr\u00e9ci\u00e9 par les apprenants GAY-TANTRA!<br \/>\n Livret en allemand.<\/div>\n","protected":false},"featured_media":61,"comment_status":"open","ping_status":"closed","template":"","meta":[],"product_brand":[],"product_cat":[16,6,14],"product_tag":[],"class_list":{"0":"post-1327","1":"product","2":"type-product","3":"status-publish","4":"has-post-thumbnail","6":"product_cat-webshop","7":"product_cat-music","8":"product_cat-meditation-dynamisch","10":"first","11":"outofstock","12":"taxable","13":"shipping-taxable","14":"purchasable","15":"product-type-simple"},"bundle_layout":"","bundled_by":[],"bundled_items":[],"aioseo_notices":[],"_links":{"self":[{"href":"https:\/\/gay-tantra-shop.com\/fr\/wp-json\/wp\/v2\/product\/1327","targetHints":{"allow":["GET"]}}],"collection":[{"href":"https:\/\/gay-tantra-shop.com\/fr\/wp-json\/wp\/v2\/product"}],"about":[{"href":"https:\/\/gay-tantra-shop.com\/fr\/wp-json\/wp\/v2\/types\/product"}],"replies":[{"embeddable":true,"href":"https:\/\/gay-tantra-shop.com\/fr\/wp-json\/wp\/v2\/comments?post=1327"}],"wp:featuredmedia":[{"embeddable":true,"href":"https:\/\/gay-tantra-shop.com\/fr\/wp-json\/wp\/v2\/media\/61"}],"wp:attachment":[{"href":"https:\/\/gay-tantra-shop.com\/fr\/wp-json\/wp\/v2\/media?parent=1327"}],"wp:term":[{"taxonomy":"product_brand","embeddable":true,"href":"https:\/\/gay-tantra-shop.com\/fr\/wp-json\/wp\/v2\/product_brand?post=1327"},{"taxonomy":"product_cat","embeddable":true,"href":"https:\/\/gay-tantra-shop.com\/fr\/wp-json\/wp\/v2\/product_cat?post=1327"},{"taxonomy":"product_tag","embeddable":true,"href":"https:\/\/gay-tantra-shop.com\/fr\/wp-json\/wp\/v2\/product_tag?post=1327"}],"curies":[{"name":"wp","href":"https:\/\/api.w.org\/{rel}","templated":true}]}}