{"id":1338,"date":"2016-09-12T11:23:39","date_gmt":"2016-09-12T09:23:39","guid":{"rendered":"https:\/\/gay-tantra-shop.eu\/produkt\/cd-osho-kundalini-meditation-deuter-3\/"},"modified":"2023-12-19T10:44:48","modified_gmt":"2023-12-19T09:44:48","slug":"cd-osho-kundalini-meditation-deuter-3","status":"publish","type":"product","link":"https:\/\/gay-tantra-shop.com\/fr\/produkt\/cd-osho-kundalini-meditation-deuter-3\/","title":{"rendered":"CD: Osho Kundalini Meditation [Deuter]"},"content":{"rendered":"<p>\u00ab\u00a0Osho Kundalini Meditation\u00a0\u00bb est l&rsquo;une des techniques de m\u00e9ditation les plus populaire et efficaces. Il agit comme une douche \u00e9nergique et elle vous conduit \u00e0 quitter votre vie quotidienne derri\u00e8re, et apr\u00e8s vous sentiez-vous rafra\u00eechi et moelleux. Il dure pendant une heure et a quatre \u00e9tapes, trois avec la musique, et le dernier sans lui.<\/p>\n","protected":false},"excerpt":{"rendered":"<div class=\"gProdDescription\"><strong>Osho<\/strong><\/div>\n<div class=\"gCod\"><strong>ISBN\/EAN<\/strong>: 4036067771214<\/div>\n<p>&nbsp;<\/p>\n<div class=\"gProdDescription\">\n<p>\u00ab\u00a0Osho Kundalini Meditation\u00a0\u00bb est l&rsquo;une des techniques de m\u00e9ditation les plus populaire et efficaces. Il agit comme une douche \u00e9nergique et elle vous conduit \u00e0 quitter votre vie quotidienne derri\u00e8re, et apr\u00e8s vous sentiez-vous rafra\u00eechi et moelleux. Il dure pendant une heure et a quatre \u00e9tapes, trois avec la musique, et le dernier sans lui.<\/p>\n<\/div>\n","protected":false},"featured_media":59,"comment_status":"open","ping_status":"closed","template":"","meta":[],"product_brand":[],"product_cat":[16,6,14],"product_tag":[],"class_list":{"0":"post-1338","1":"product","2":"type-product","3":"status-publish","4":"has-post-thumbnail","6":"product_cat-webshop","7":"product_cat-music","8":"product_cat-meditation-dynamisch","10":"first","11":"outofstock","12":"taxable","13":"shipping-taxable","14":"purchasable","15":"product-type-simple"},"bundle_layout":"","bundled_by":[],"bundled_items":[],"aioseo_notices":[],"_links":{"self":[{"href":"https:\/\/gay-tantra-shop.com\/fr\/wp-json\/wp\/v2\/product\/1338","targetHints":{"allow":["GET"]}}],"collection":[{"href":"https:\/\/gay-tantra-shop.com\/fr\/wp-json\/wp\/v2\/product"}],"about":[{"href":"https:\/\/gay-tantra-shop.com\/fr\/wp-json\/wp\/v2\/types\/product"}],"replies":[{"embeddable":true,"href":"https:\/\/gay-tantra-shop.com\/fr\/wp-json\/wp\/v2\/comments?post=1338"}],"wp:featuredmedia":[{"embeddable":true,"href":"https:\/\/gay-tantra-shop.com\/fr\/wp-json\/wp\/v2\/media\/59"}],"wp:attachment":[{"href":"https:\/\/gay-tantra-shop.com\/fr\/wp-json\/wp\/v2\/media?parent=1338"}],"wp:term":[{"taxonomy":"product_brand","embeddable":true,"href":"https:\/\/gay-tantra-shop.com\/fr\/wp-json\/wp\/v2\/product_brand?post=1338"},{"taxonomy":"product_cat","embeddable":true,"href":"https:\/\/gay-tantra-shop.com\/fr\/wp-json\/wp\/v2\/product_cat?post=1338"},{"taxonomy":"product_tag","embeddable":true,"href":"https:\/\/gay-tantra-shop.com\/fr\/wp-json\/wp\/v2\/product_tag?post=1338"}],"curies":[{"name":"wp","href":"https:\/\/api.w.org\/{rel}","templated":true}]}}