{"id":1340,"date":"2016-09-12T12:02:25","date_gmt":"2016-09-12T10:02:25","guid":{"rendered":"https:\/\/gay-tantra-shop.eu\/produkt\/cd-osho-nataraj-meditation-deuter-3\/"},"modified":"2023-12-19T10:44:25","modified_gmt":"2023-12-19T09:44:25","slug":"cd-osho-nataraj-meditation-deuter-3","status":"publish","type":"product","link":"https:\/\/gay-tantra-shop.com\/fr\/produkt\/cd-osho-nataraj-meditation-deuter-3\/","title":{"rendered":"CD: Osho Nataraj Meditation [Deuter]"},"content":{"rendered":"<p><\/p>\n<p>Ce 65 minutes de m\u00e9ditation est une m\u00e9ditation de danse en trois \u00e9tapes, avec de la musique sp\u00e9cialement cr\u00e9\u00e9e. La musique prend en charge l&rsquo;\u00e9nergie et de l&rsquo;activit\u00e9 d\u00e9crite dans chaque \u00e9tape de la m\u00e9ditation, et signale aussi le moment de chaque \u00e9tape.<\/p>\n<p><\/p>","protected":false},"excerpt":{"rendered":"<div class=\"gProdDescription\"><strong>Osho<\/strong><\/div>\n<div class=\"gCod\"><strong>ISBN\/EAN<\/strong>: 0714266920322<\/div>\n<p>&nbsp;<\/p>\n<div class=\"gProdDescription\">Ce 65 minutes de m\u00e9ditation est une m\u00e9ditation de danse en trois \u00e9tapes, avec de la musique sp\u00e9cialement cr\u00e9\u00e9e. La musique prend en charge l&rsquo;\u00e9nergie et de l&rsquo;activit\u00e9 d\u00e9crite dans chaque \u00e9tape de la m\u00e9ditation, et signale aussi le moment de chaque \u00e9tape.<\/div>\n","protected":false},"featured_media":57,"comment_status":"open","ping_status":"closed","template":"","meta":[],"product_brand":[],"product_cat":[16,6,14],"product_tag":[],"class_list":{"0":"post-1340","1":"product","2":"type-product","3":"status-publish","4":"has-post-thumbnail","6":"product_cat-webshop","7":"product_cat-music","8":"product_cat-meditation-dynamisch","10":"first","11":"outofstock","12":"taxable","13":"shipping-taxable","14":"purchasable","15":"product-type-simple"},"bundle_layout":"","bundled_by":[],"bundled_items":[],"aioseo_notices":[],"_links":{"self":[{"href":"https:\/\/gay-tantra-shop.com\/fr\/wp-json\/wp\/v2\/product\/1340","targetHints":{"allow":["GET"]}}],"collection":[{"href":"https:\/\/gay-tantra-shop.com\/fr\/wp-json\/wp\/v2\/product"}],"about":[{"href":"https:\/\/gay-tantra-shop.com\/fr\/wp-json\/wp\/v2\/types\/product"}],"replies":[{"embeddable":true,"href":"https:\/\/gay-tantra-shop.com\/fr\/wp-json\/wp\/v2\/comments?post=1340"}],"wp:featuredmedia":[{"embeddable":true,"href":"https:\/\/gay-tantra-shop.com\/fr\/wp-json\/wp\/v2\/media\/57"}],"wp:attachment":[{"href":"https:\/\/gay-tantra-shop.com\/fr\/wp-json\/wp\/v2\/media?parent=1340"}],"wp:term":[{"taxonomy":"product_brand","embeddable":true,"href":"https:\/\/gay-tantra-shop.com\/fr\/wp-json\/wp\/v2\/product_brand?post=1340"},{"taxonomy":"product_cat","embeddable":true,"href":"https:\/\/gay-tantra-shop.com\/fr\/wp-json\/wp\/v2\/product_cat?post=1340"},{"taxonomy":"product_tag","embeddable":true,"href":"https:\/\/gay-tantra-shop.com\/fr\/wp-json\/wp\/v2\/product_tag?post=1340"}],"curies":[{"name":"wp","href":"https:\/\/api.w.org\/{rel}","templated":true}]}}