{"id":1352,"date":"2016-09-15T14:30:00","date_gmt":"2016-09-15T12:30:00","guid":{"rendered":"https:\/\/gay-tantra-shop.eu\/produkt\/cd-osho-nadabrahma-meditation-deuter-3\/"},"modified":"2023-12-19T10:39:39","modified_gmt":"2023-12-19T09:39:39","slug":"cd-osho-nadabrahma-meditation-deuter-3","status":"publish","type":"product","link":"https:\/\/gay-tantra-shop.com\/fr\/produkt\/cd-osho-nadabrahma-meditation-deuter-3\/","title":{"rendered":"CD: Osho Nadabrahma Meditation [Deuter]"},"content":{"rendered":"<p><\/p>\n<p>Nadabrahma est une m\u00e9thode tib\u00e9taine ancienne, qui a initialement \u00e9t\u00e9 exerc\u00e9 dans les premi\u00e8res heures du matin.<\/p>\n<p><\/p>","protected":false},"excerpt":{"rendered":"<div class=\"gProdDescription\"><strong>Osho<\/strong><\/div>\n<div class=\"gCod\"><strong>ISBN\/EAN<\/strong>: 0714266920223<\/div>\n<p>&nbsp;<\/p>\n<div class=\"gProdDescription\">Nadabrahma est une m\u00e9thode tib\u00e9taine ancienne, qui a initialement \u00e9t\u00e9 exerc\u00e9 dans les premi\u00e8res heures du matin.<\/div>\n","protected":false},"featured_media":49,"comment_status":"open","ping_status":"closed","template":"","meta":[],"product_brand":[],"product_cat":[16,6,14],"product_tag":[],"class_list":{"0":"post-1352","1":"product","2":"type-product","3":"status-publish","4":"has-post-thumbnail","6":"product_cat-webshop","7":"product_cat-music","8":"product_cat-meditation-dynamisch","10":"first","11":"outofstock","12":"taxable","13":"shipping-taxable","14":"purchasable","15":"product-type-simple"},"bundle_layout":"","bundled_by":[],"bundled_items":[],"aioseo_notices":[],"_links":{"self":[{"href":"https:\/\/gay-tantra-shop.com\/fr\/wp-json\/wp\/v2\/product\/1352","targetHints":{"allow":["GET"]}}],"collection":[{"href":"https:\/\/gay-tantra-shop.com\/fr\/wp-json\/wp\/v2\/product"}],"about":[{"href":"https:\/\/gay-tantra-shop.com\/fr\/wp-json\/wp\/v2\/types\/product"}],"replies":[{"embeddable":true,"href":"https:\/\/gay-tantra-shop.com\/fr\/wp-json\/wp\/v2\/comments?post=1352"}],"wp:featuredmedia":[{"embeddable":true,"href":"https:\/\/gay-tantra-shop.com\/fr\/wp-json\/wp\/v2\/media\/49"}],"wp:attachment":[{"href":"https:\/\/gay-tantra-shop.com\/fr\/wp-json\/wp\/v2\/media?parent=1352"}],"wp:term":[{"taxonomy":"product_brand","embeddable":true,"href":"https:\/\/gay-tantra-shop.com\/fr\/wp-json\/wp\/v2\/product_brand?post=1352"},{"taxonomy":"product_cat","embeddable":true,"href":"https:\/\/gay-tantra-shop.com\/fr\/wp-json\/wp\/v2\/product_cat?post=1352"},{"taxonomy":"product_tag","embeddable":true,"href":"https:\/\/gay-tantra-shop.com\/fr\/wp-json\/wp\/v2\/product_tag?post=1352"}],"curies":[{"name":"wp","href":"https:\/\/api.w.org\/{rel}","templated":true}]}}