{"id":18,"date":"2016-05-24T10:57:08","date_gmt":"2016-05-24T08:57:08","guid":{"rendered":"http:\/\/gay-tantra-shop.eu\/?post_type=product&#038;p=18"},"modified":"2022-08-23T18:29:33","modified_gmt":"2022-08-23T16:29:33","slug":"dvd-die-erotische-massage-fur-ihn","status":"publish","type":"product","link":"https:\/\/gay-tantra-shop.com\/fr\/produkt\/dvd-die-erotische-massage-fur-ihn\/","title":{"rendered":"DVD: Die erotische Massage f\u00fcr Ihn [Armin Heining]"},"content":{"rendered":"<p>Die GAY-TANTRA &lsquo;Erotische Massage f\u00fcr Ihn&rsquo; ist eine wundersch\u00f6ne Auspr\u00e4gung von Tantra.<\/p>\n","protected":false},"excerpt":{"rendered":"<div class=\"gProdDescription\"><strong>Armin Heining<\/strong><\/div>\n<div class=\"gCod\"><strong>Altersfreigabe: 16 <\/strong><\/div>\n<div class=\"gProdDescription\">Tantra ist ein spiritueller Weg, der in die Verbindung mit der Essenz von Leben f\u00fchren will. Die \u00dcbungsweisen sind bereits jahrtausende alt und waren urspr\u00fcnglich frei von Dogmen und Moral. Gerade das gibt schwulen M\u00e4nnern heute Mut, sich dieser Disziplin zu \u00f6ffnen und f\u00fcr sich zu entdecken. Die GAY-TANTRA-Massage ist eine wundersch\u00f6ne Auspr\u00e4gung von Tantra und perfekt angepasst an das wachsende Bed\u00fcrfnis von M\u00e4nnern nach Ber\u00fchrung, N\u00e4he und Kontakt. Lerne Schritt f\u00fcr Schritt die einzelnen Massagetechniken und schenke damit Wohlbefinden und tiefgreifende Sinnlichkeit. W\u00e4hrend des Films und im Bonusteil erf\u00e4hrst Du mehr \u00fcber die Hintergr\u00fcnde von GAY-TANTRA und und lernst den Begr\u00fcnder von GAY-TANTRA\u00ae, Armin Heining (seit 1992) n\u00e4her kennen.Autor: Armin Heining FSK: Freigegeben ab 16 Jahren Ver\u00f6ffentlicht: Juni 2010 Sprache: Deutsch Spieldauer: ca. 85 Minuten Hauptfilm ca. 30 Minuten &#039;Vom Benediktinerm\u00f6nch zum GAY-TANTRA Coach&#039;, Armin Heining im Interview ca. 7 Minuten &#039;Armin Heining zur Erotischen Massage&#039;, Monolog<\/div>\n","protected":false},"featured_media":5627,"comment_status":"open","ping_status":"closed","template":"","meta":[],"product_brand":[],"product_cat":[16,8,7],"product_tag":[],"class_list":{"0":"post-18","1":"product","2":"type-product","3":"status-publish","4":"has-post-thumbnail","6":"product_cat-webshop","7":"product_cat-gay-tantra-filme","8":"product_cat-massage-videos","9":"product_shipping_class-delivery","11":"first","12":"instock","13":"taxable","14":"shipping-taxable","15":"purchasable","16":"product-type-simple"},"bundle_layout":"","bundled_by":[],"bundled_items":[],"aioseo_notices":[],"_links":{"self":[{"href":"https:\/\/gay-tantra-shop.com\/fr\/wp-json\/wp\/v2\/product\/18","targetHints":{"allow":["GET"]}}],"collection":[{"href":"https:\/\/gay-tantra-shop.com\/fr\/wp-json\/wp\/v2\/product"}],"about":[{"href":"https:\/\/gay-tantra-shop.com\/fr\/wp-json\/wp\/v2\/types\/product"}],"replies":[{"embeddable":true,"href":"https:\/\/gay-tantra-shop.com\/fr\/wp-json\/wp\/v2\/comments?post=18"}],"wp:featuredmedia":[{"embeddable":true,"href":"https:\/\/gay-tantra-shop.com\/fr\/wp-json\/wp\/v2\/media\/5627"}],"wp:attachment":[{"href":"https:\/\/gay-tantra-shop.com\/fr\/wp-json\/wp\/v2\/media?parent=18"}],"wp:term":[{"taxonomy":"product_brand","embeddable":true,"href":"https:\/\/gay-tantra-shop.com\/fr\/wp-json\/wp\/v2\/product_brand?post=18"},{"taxonomy":"product_cat","embeddable":true,"href":"https:\/\/gay-tantra-shop.com\/fr\/wp-json\/wp\/v2\/product_cat?post=18"},{"taxonomy":"product_tag","embeddable":true,"href":"https:\/\/gay-tantra-shop.com\/fr\/wp-json\/wp\/v2\/product_tag?post=18"}],"curies":[{"name":"wp","href":"https:\/\/api.w.org\/{rel}","templated":true}]}}