{"id":20,"date":"2016-05-24T10:56:54","date_gmt":"2016-05-24T08:56:54","guid":{"rendered":"http:\/\/gay-tantra-shop.eu\/?post_type=product&#038;p=20"},"modified":"2022-02-12T09:52:45","modified_gmt":"2022-02-12T08:52:45","slug":"dvd-genital-massage","status":"publish","type":"product","link":"https:\/\/gay-tantra-shop.com\/fr\/produkt\/dvd-genital-massage\/","title":{"rendered":"DVD: Genital-Massage [Armin Heining]"},"content":{"rendered":"<p>Die GAY-TANTRA &lsquo;Genital-Massage&rsquo; ist eine respektvolle und achtsame Weise zu ber\u00fchren.<\/p>\n","protected":false},"excerpt":{"rendered":"<div class=\"gProdDescription\"><strong>Armin Heining<\/strong><\/div>\n<div class=\"gCod\"><strong>Altersfreigabe<\/strong>: 16<\/div>\n<div class=\"gCod\">Die GAY-TANTRA Genital-Massage ist ein respektvolle und achtsame Weise, M\u00e4nner in ihren intimsten Regionen zu ber\u00fchren. Sie \u00f6ffnet einen Raum, in dem sich bewegende Emotionen entfalten k\u00f6nnen: Wohlbefinden, Lust und Ekstase &#8211; die ganze Bandbreite eines lebendigen F\u00fchlens und Genie\u00dfens.<\/div>\n<div class=\"gProdDescription\">\n<p>Die Striche der Genital-Massage werden einfach und verst\u00e4ndlich erkl\u00e4rt, so dass auch Einsteiger einen leichten Zugang dazu bekommen.<\/p>\n<p>Im Bonusteil erf\u00e4hrst Du mehr zu den Hintergr\u00fcnden dieser au\u00dfergew\u00f6hnlichen Massage und lernst den Begr\u00fcnder von GAY-TANTRA\u00ae, Armin Heining (seit 1992) n\u00e4her kennen.<\/p>\n<p>Autor: Armin Heining<br \/>\n FSK: Freigegeben ab 16 Jahren<br \/>\n Ver\u00f6ffentlicht: Juni 2010<br \/>\n Sprache: Deutsch<br \/>\n Spieldauer: ca. 48 Minuten Hauptfilm<br \/>\n ca. 30 Minuten &#039;Vom Benediktinerm\u00f6nch zum GAY-TANTRA Coach&#039;, Armin Heining im Interview<br \/>\n ca. 7 Minuten &#039;Armin Heining \u00fcber die GAY-TANTRA Genital-Massage&#039;, Monolog<\/p>\n<\/div>\n","protected":false},"featured_media":5631,"comment_status":"open","ping_status":"closed","template":"","meta":[],"product_brand":[],"product_cat":[16,8,7],"product_tag":[],"class_list":{"0":"post-20","1":"product","2":"type-product","3":"status-publish","4":"has-post-thumbnail","6":"product_cat-webshop","7":"product_cat-gay-tantra-filme","8":"product_cat-massage-videos","10":"first","11":"instock","12":"taxable","13":"shipping-taxable","14":"purchasable","15":"product-type-simple"},"bundle_layout":"","bundled_by":[],"bundled_items":[],"aioseo_notices":[],"_links":{"self":[{"href":"https:\/\/gay-tantra-shop.com\/fr\/wp-json\/wp\/v2\/product\/20","targetHints":{"allow":["GET"]}}],"collection":[{"href":"https:\/\/gay-tantra-shop.com\/fr\/wp-json\/wp\/v2\/product"}],"about":[{"href":"https:\/\/gay-tantra-shop.com\/fr\/wp-json\/wp\/v2\/types\/product"}],"replies":[{"embeddable":true,"href":"https:\/\/gay-tantra-shop.com\/fr\/wp-json\/wp\/v2\/comments?post=20"}],"wp:featuredmedia":[{"embeddable":true,"href":"https:\/\/gay-tantra-shop.com\/fr\/wp-json\/wp\/v2\/media\/5631"}],"wp:attachment":[{"href":"https:\/\/gay-tantra-shop.com\/fr\/wp-json\/wp\/v2\/media?parent=20"}],"wp:term":[{"taxonomy":"product_brand","embeddable":true,"href":"https:\/\/gay-tantra-shop.com\/fr\/wp-json\/wp\/v2\/product_brand?post=20"},{"taxonomy":"product_cat","embeddable":true,"href":"https:\/\/gay-tantra-shop.com\/fr\/wp-json\/wp\/v2\/product_cat?post=20"},{"taxonomy":"product_tag","embeddable":true,"href":"https:\/\/gay-tantra-shop.com\/fr\/wp-json\/wp\/v2\/product_tag?post=20"}],"curies":[{"name":"wp","href":"https:\/\/api.w.org\/{rel}","templated":true}]}}