{"id":22,"date":"2016-05-24T10:55:28","date_gmt":"2016-05-24T08:55:28","guid":{"rendered":"http:\/\/gay-tantra-shop.eu\/?post_type=product&#038;p=22"},"modified":"2022-02-12T09:49:02","modified_gmt":"2022-02-12T08:49:02","slug":"dvd-anal-prostata-massage","status":"publish","type":"product","link":"https:\/\/gay-tantra-shop.com\/fr\/produkt\/dvd-anal-prostata-massage\/","title":{"rendered":"DVD: Anal- &#038; Prostata-Massage [Armin Heining]"},"content":{"rendered":"<p>Die GAY-TANTRA &lsquo;Anal- und Prostata-Massage&rsquo; erm\u00f6glicht heilsame Prozesse.<\/p>\n","protected":false},"excerpt":{"rendered":"<div class=\"gProdDescription\"><strong>Armin Heining<\/strong><\/div>\n<div class=\"gCod\"><strong>Altersfreigabe<\/strong>: 16<\/div>\n<div class=\"gCod\">Auch f\u00fcr schwul lebende M\u00e4nner sind Anus und Prostata der meist unbekannte Teil ihrer Sexualit\u00e4t. Und doch verbergen sie wunderbare Sch\u00e4tze, deren Entdeckung das Leben des Mannes bereichert und vervollst\u00e4ndigt.<\/div>\n<div class=\"gProdDescription\">\n<p>Als &lsquo;m\u00e4nnlicher G-Punkt&rsquo; kann die Massage der Prostata zu v\u00f6llig neuen sexuellen Erfahrungen bis hin zu multiplen Orgasmen f\u00fchren.<br \/>\n Die GAY-TANTRA Anal- und Prostata-Massage erm\u00f6glicht heilsame Prozesse auf der k\u00f6rperlichen, seelischen und spirituellen Ebene. Die Ber\u00fchrungen der Massage werden einfach und verst\u00e4ndlich erkl\u00e4rt, so dass auch Einsteiger einen leichten Zugang dazu bekommen.<br \/>\n Im Bonusteil erf\u00e4hrst Du mehr zu Anatomie und den Hintergr\u00fcnden dieser Massage und lernst den Begr\u00fcnder von GAY-TANTRA\u00ae, Armin Heining (seit 1992) n\u00e4her kennen.<br \/>\n Die heilsame Wirkung der Massage im Bereich der Gesundheitsvorsorge ist weltweit anerkannt und wird immer h\u00e4ufiger von Medizinern empfohlen.<\/p>\n<p>Autor: Armin Heining<br \/>\n FSK: Freigegeben ab 16 Jahren<br \/>\n Ver\u00f6ffentlicht: Juni 2010<br \/>\n Sprache: Deutsch<br \/>\n Format: PAL<br \/>\n Spieldauer: ca. 64 Minuten<br \/>\n Extras: ca. 15 Minuten: &lsquo;Armin Heining zur GAY-TANTRA Anal- und Prostata-Massage&rsquo;, Monolog<br \/>\n ca. 30 Minuten: &lsquo;Vom Benediktinerm\u00f6nch zum GAY-TANTRA Coach&rsquo;, Armin Heining im Interview<\/p>\n<\/div>\n","protected":false},"featured_media":5592,"comment_status":"open","ping_status":"closed","template":"","meta":[],"product_brand":[],"product_cat":[16,8,7],"product_tag":[],"class_list":{"0":"post-22","1":"product","2":"type-product","3":"status-publish","4":"has-post-thumbnail","6":"product_cat-webshop","7":"product_cat-gay-tantra-filme","8":"product_cat-massage-videos","10":"first","11":"instock","12":"taxable","13":"shipping-taxable","14":"purchasable","15":"product-type-simple"},"bundle_layout":"","bundled_by":[],"bundled_items":[],"aioseo_notices":[],"_links":{"self":[{"href":"https:\/\/gay-tantra-shop.com\/fr\/wp-json\/wp\/v2\/product\/22","targetHints":{"allow":["GET"]}}],"collection":[{"href":"https:\/\/gay-tantra-shop.com\/fr\/wp-json\/wp\/v2\/product"}],"about":[{"href":"https:\/\/gay-tantra-shop.com\/fr\/wp-json\/wp\/v2\/types\/product"}],"replies":[{"embeddable":true,"href":"https:\/\/gay-tantra-shop.com\/fr\/wp-json\/wp\/v2\/comments?post=22"}],"wp:featuredmedia":[{"embeddable":true,"href":"https:\/\/gay-tantra-shop.com\/fr\/wp-json\/wp\/v2\/media\/5592"}],"wp:attachment":[{"href":"https:\/\/gay-tantra-shop.com\/fr\/wp-json\/wp\/v2\/media?parent=22"}],"wp:term":[{"taxonomy":"product_brand","embeddable":true,"href":"https:\/\/gay-tantra-shop.com\/fr\/wp-json\/wp\/v2\/product_brand?post=22"},{"taxonomy":"product_cat","embeddable":true,"href":"https:\/\/gay-tantra-shop.com\/fr\/wp-json\/wp\/v2\/product_cat?post=22"},{"taxonomy":"product_tag","embeddable":true,"href":"https:\/\/gay-tantra-shop.com\/fr\/wp-json\/wp\/v2\/product_tag?post=22"}],"curies":[{"name":"wp","href":"https:\/\/api.w.org\/{rel}","templated":true}]}}