{"id":2240,"date":"2017-08-21T11:39:13","date_gmt":"2017-08-21T09:39:13","guid":{"rendered":"https:\/\/gay-tantra-shop.eu\/produkt\/buch-love-sex-awakening-margot-anand\/"},"modified":"2022-04-26T11:14:13","modified_gmt":"2022-04-26T09:14:13","slug":"buch-love-sex-awakening-margot-anand","status":"publish","type":"product","link":"https:\/\/gay-tantra-shop.com\/fr\/produkt\/buch-love-sex-awakening-margot-anand\/","title":{"rendered":"Buch: Love, Sex &#038; Awakening [Margot Anand]"},"content":{"rendered":"<p>Margot Anand hat ein Leben der sexuellen Ekstase und der spirituellen Gl\u00fcckseligkeit gef\u00fchrt.<\/p>\n","protected":false},"excerpt":{"rendered":"<p>In ihrem neuesten Buch, erschienen im Januar 2017, nimmt die Bestseller-Autorin und Begr\u00fcnderin von SkyDancing Tantra, Margot Anand, geboren 1944, den Leser erstmals quasi mit hinter die B\u00fchne: Sie l\u00e4sst ihn &#8211; der Zeitachse ihres Lebens entlang &#8211; an ihren faszinierenden Abenteuern, Initiationen und Erkenntnissen teilhaben, aus denen heraus sie den Weg des Tantra entwickelt hat.<\/p>\n<p>Margot Anand war die Erste, die Tantra als eine \u00ab\u00a0Wissenschaft der Erkenntnis\u00a0\u00bb in den Westen brachte und darin die tieferen sexuellen Anteile des Erleuchtungsprozesses lehrte. Sexuelle Vorlieben spielten dabei keine Rolle, da sich Erleuchtung und Gl\u00fcckseligkeit jenseits menschlicher Kategorien ereignet.<\/p>\n<p>Die kurzweilig, unterhaltsam, spannend und lehrreich geschriebenen Episoden erhalten am Ende jedes Kapitels eine zusammenfassende Bewertung: \u00ab\u00a0Was habe ich daraus gelernt?\u00a0\u00bb. Dieser folgt eine kleine \u00dcbung, um die Essenz der Erfahrung selbst zu erleben. Die Erz\u00e4hlungen geben Antworten auf die tiefe Fragen: \u00ab\u00a0Was ist Tantra?\u00a0\u00bb, \u00ab\u00a0Was bedeutet es f\u00fcr einen Mann, ein tantrischer Liebhaber zu sein?\u00a0\u00bb, \u00ab\u00a0Was ist Erleuchtung?\u00a0\u00bb<\/p>\n<p><strong>Das Buch ist in englischer Sprache<\/strong><\/p>\n","protected":false},"featured_media":5752,"comment_status":"open","ping_status":"closed","template":"","meta":[],"product_brand":[],"product_cat":[16,12,13],"product_tag":[],"class_list":{"0":"post-2240","1":"product","2":"type-product","3":"status-publish","4":"has-post-thumbnail","6":"product_cat-webshop","7":"product_cat-livres","8":"product_cat-margot-anand","10":"first","11":"instock","12":"taxable","13":"shipping-taxable","14":"purchasable","15":"product-type-simple"},"bundle_layout":"","bundled_by":[],"bundled_items":[],"aioseo_notices":[],"_links":{"self":[{"href":"https:\/\/gay-tantra-shop.com\/fr\/wp-json\/wp\/v2\/product\/2240","targetHints":{"allow":["GET"]}}],"collection":[{"href":"https:\/\/gay-tantra-shop.com\/fr\/wp-json\/wp\/v2\/product"}],"about":[{"href":"https:\/\/gay-tantra-shop.com\/fr\/wp-json\/wp\/v2\/types\/product"}],"replies":[{"embeddable":true,"href":"https:\/\/gay-tantra-shop.com\/fr\/wp-json\/wp\/v2\/comments?post=2240"}],"wp:featuredmedia":[{"embeddable":true,"href":"https:\/\/gay-tantra-shop.com\/fr\/wp-json\/wp\/v2\/media\/5752"}],"wp:attachment":[{"href":"https:\/\/gay-tantra-shop.com\/fr\/wp-json\/wp\/v2\/media?parent=2240"}],"wp:term":[{"taxonomy":"product_brand","embeddable":true,"href":"https:\/\/gay-tantra-shop.com\/fr\/wp-json\/wp\/v2\/product_brand?post=2240"},{"taxonomy":"product_cat","embeddable":true,"href":"https:\/\/gay-tantra-shop.com\/fr\/wp-json\/wp\/v2\/product_cat?post=2240"},{"taxonomy":"product_tag","embeddable":true,"href":"https:\/\/gay-tantra-shop.com\/fr\/wp-json\/wp\/v2\/product_tag?post=2240"}],"curies":[{"name":"wp","href":"https:\/\/api.w.org\/{rel}","templated":true}]}}