{"id":2342,"date":"2017-09-29T11:43:24","date_gmt":"2017-09-29T09:43:24","guid":{"rendered":"https:\/\/gay-tantra-shop.eu\/produkt\/english-broche-lart-de-lextase-sexuelle-margot-anand\/"},"modified":"2022-04-26T11:12:17","modified_gmt":"2022-04-26T09:12:17","slug":"broche-lart-de-lextase-sexuelle-margot-anand","status":"publish","type":"product","link":"https:\/\/gay-tantra-shop.com\/fr\/produkt\/broche-lart-de-lextase-sexuelle-margot-anand\/","title":{"rendered":"Broch\u00e9: L&rsquo;Art de L&rsquo;Extase Sexuelle [Margot Anand]"},"content":{"rendered":"<p><\/p>\n<p>La voie de la sexualit\u00e9 sacr\u00e9e et du Tantra pour les couples occidentaux<\/p>\n<p><\/p>","protected":false},"excerpt":{"rendered":"<div class=\"gProdDescription\"><span id=\"result_box\" class=\"short_text\" lang=\"fr\"><span class=\"\">Broch\u00e9, utilis\u00e9<\/span><\/span><\/div>\n<div class=\"gProdDescription\">\u00a0<\/div>\n<div class=\"gProdDescription\"><strong>Margot Anand<\/strong><\/div>\n<div class=\"gCod\"><strong>ISBN\/EAN<\/strong>: 9782857075196<\/div>\n<div class=\"gProdDescription\">L\u2019une de nos plus grandes sources de plaisir \u2013 et de d\u00e9convenue \u2013 est l\u2019intimit\u00e9 sexuelle. Margo Anand a aid\u00e9 des milliers de gens, lass\u00e9s ou d\u00e9\u00e7us par la sexualit\u00e9, \u00e0 entrer profond\u00e9ment en contact avec leur \u00e9nergie sexuelle et avec l\u2019exp\u00e9rience spirituelle qui en d\u00e9coule.<\/div>\n","protected":false},"featured_media":5751,"comment_status":"open","ping_status":"closed","template":"","meta":[],"product_brand":[],"product_cat":[16,12,13],"product_tag":[],"class_list":{"0":"post-2342","1":"product","2":"type-product","3":"status-publish","4":"has-post-thumbnail","6":"product_cat-webshop","7":"product_cat-livres","8":"product_cat-margot-anand","9":"product_shipping_class-delivery","11":"first","12":"instock","13":"taxable","14":"shipping-taxable","15":"purchasable","16":"product-type-simple"},"bundle_layout":"","bundled_by":[],"bundled_items":[],"aioseo_notices":[],"_links":{"self":[{"href":"https:\/\/gay-tantra-shop.com\/fr\/wp-json\/wp\/v2\/product\/2342","targetHints":{"allow":["GET"]}}],"collection":[{"href":"https:\/\/gay-tantra-shop.com\/fr\/wp-json\/wp\/v2\/product"}],"about":[{"href":"https:\/\/gay-tantra-shop.com\/fr\/wp-json\/wp\/v2\/types\/product"}],"replies":[{"embeddable":true,"href":"https:\/\/gay-tantra-shop.com\/fr\/wp-json\/wp\/v2\/comments?post=2342"}],"wp:featuredmedia":[{"embeddable":true,"href":"https:\/\/gay-tantra-shop.com\/fr\/wp-json\/wp\/v2\/media\/5751"}],"wp:attachment":[{"href":"https:\/\/gay-tantra-shop.com\/fr\/wp-json\/wp\/v2\/media?parent=2342"}],"wp:term":[{"taxonomy":"product_brand","embeddable":true,"href":"https:\/\/gay-tantra-shop.com\/fr\/wp-json\/wp\/v2\/product_brand?post=2342"},{"taxonomy":"product_cat","embeddable":true,"href":"https:\/\/gay-tantra-shop.com\/fr\/wp-json\/wp\/v2\/product_cat?post=2342"},{"taxonomy":"product_tag","embeddable":true,"href":"https:\/\/gay-tantra-shop.com\/fr\/wp-json\/wp\/v2\/product_tag?post=2342"}],"curies":[{"name":"wp","href":"https:\/\/api.w.org\/{rel}","templated":true}]}}