{"id":2351,"date":"2017-09-29T12:39:42","date_gmt":"2017-09-29T10:39:42","guid":{"rendered":"https:\/\/gay-tantra-shop.eu\/produkt\/kopie\/"},"modified":"2022-04-26T11:07:47","modified_gmt":"2022-04-26T09:07:47","slug":"broche-la-magie-du-tantra-dans-la-sexualite","status":"publish","type":"product","link":"https:\/\/gay-tantra-shop.com\/fr\/produkt\/broche-la-magie-du-tantra-dans-la-sexualite\/","title":{"rendered":"Broch\u00e9: La Magie du Tantra dans la Sexualit\u00e9 [Margot Anand]"},"content":{"rendered":"<p><\/p>\n<p>Utilisez l&rsquo;\u00c9nergie sexuelle pour transformer votre vie.<\/p>\n<p><\/p>","protected":false},"excerpt":{"rendered":"<div class=\"gProdDescription\">Broch\u00e9, utilis\u00e9<\/div>\n<div class=\"gProdDescription\">\u00a0<\/div>\n<div class=\"gProdDescription\"><strong>Margot Anand<\/strong><\/div>\n<div class=\"gCod\"><strong>ISBN\/EAN<\/strong>: 2-85707-855-2<\/div>\n<div class=\"gProdDescription\">Apr\u00e8s L\u2019Art de l\u2019extase sexuelle, Margo Anand, sp\u00e9cialiste mondialement reconnue de la sexualit\u00e9 tantrique, porte dans ce nouveau livre l\u2019\u00e9nergie sexuelle \u00e0 un niveau sup\u00e9rieur, en montrant au lecteur comment il peut int\u00e9grer l\u2019activit\u00e9 \u00e9rotique \u00e0 sa qu\u00eate de d\u00e9veloppement personnel et spirituel. Parce qu\u2019elle rend \u00e0 l\u2019acte sexuel son sens sacr\u00e9, la magie sexuelle permet aux couples de se servir de la sexualit\u00e9 pour r\u00e9aliser la jouissance charnelle, l\u2019extase spirituelle et la puissance psychique qui est le v\u00e9hicule magique permettant de transformer tous les autres domaines de leur vie.<\/div>\n","protected":false},"featured_media":5749,"comment_status":"open","ping_status":"closed","template":"","meta":[],"product_brand":[],"product_cat":[16,12,13],"product_tag":[],"class_list":{"0":"post-2351","1":"product","2":"type-product","3":"status-publish","4":"has-post-thumbnail","6":"product_cat-webshop","7":"product_cat-livres","8":"product_cat-margot-anand","10":"first","11":"instock","12":"taxable","13":"shipping-taxable","14":"purchasable","15":"product-type-simple"},"bundle_layout":"","bundled_by":[],"bundled_items":[],"aioseo_notices":[],"_links":{"self":[{"href":"https:\/\/gay-tantra-shop.com\/fr\/wp-json\/wp\/v2\/product\/2351","targetHints":{"allow":["GET"]}}],"collection":[{"href":"https:\/\/gay-tantra-shop.com\/fr\/wp-json\/wp\/v2\/product"}],"about":[{"href":"https:\/\/gay-tantra-shop.com\/fr\/wp-json\/wp\/v2\/types\/product"}],"replies":[{"embeddable":true,"href":"https:\/\/gay-tantra-shop.com\/fr\/wp-json\/wp\/v2\/comments?post=2351"}],"wp:featuredmedia":[{"embeddable":true,"href":"https:\/\/gay-tantra-shop.com\/fr\/wp-json\/wp\/v2\/media\/5749"}],"wp:attachment":[{"href":"https:\/\/gay-tantra-shop.com\/fr\/wp-json\/wp\/v2\/media?parent=2351"}],"wp:term":[{"taxonomy":"product_brand","embeddable":true,"href":"https:\/\/gay-tantra-shop.com\/fr\/wp-json\/wp\/v2\/product_brand?post=2351"},{"taxonomy":"product_cat","embeddable":true,"href":"https:\/\/gay-tantra-shop.com\/fr\/wp-json\/wp\/v2\/product_cat?post=2351"},{"taxonomy":"product_tag","embeddable":true,"href":"https:\/\/gay-tantra-shop.com\/fr\/wp-json\/wp\/v2\/product_tag?post=2351"}],"curies":[{"name":"wp","href":"https:\/\/api.w.org\/{rel}","templated":true}]}}