{"id":2358,"date":"2017-09-29T13:09:17","date_gmt":"2017-09-29T11:09:17","guid":{"rendered":"https:\/\/gay-tantra-shop.eu\/produkt\/francais-broche-lart-de-lexstase-quotidienne-margot-anand\/"},"modified":"2022-08-25T09:25:56","modified_gmt":"2022-08-25T07:25:56","slug":"francais-broche-lart-de-lexstase-quotidienne-margot-anand","status":"publish","type":"product","link":"https:\/\/gay-tantra-shop.com\/fr\/produkt\/francais-broche-lart-de-lexstase-quotidienne-margot-anand\/","title":{"rendered":"Broch\u00e9: L&rsquo;Art de l&rsquo;Exstase Quotidienne [Margot Anand]"},"content":{"rendered":"<p><\/p>\n<p>Les Sept Cl\u00e9s du Tantrisme qui permettent d&rsquo;int\u00e9grer Passion, Esprit et Joie \u00e0 chaque aspect de votre vie.<\/p>\n<p><\/p>","protected":false},"excerpt":{"rendered":"<div class=\"gProdDescription\">Broch\u00e9, utilis\u00e9<\/div>\n<div class=\"gProdDescription\">\u00a0<\/div>\n<div class=\"gProdDescription\"><strong>Margot Anand<\/strong><\/div>\n<div class=\"gCod\"><strong>ISBN\/EAN<\/strong>: 9782844451583<\/div>\n<div class=\"gProdDescription\">Ce livre est recommand\u00e9 pour toute personne d\u00e9sirant r\u00e9aliser son potentiel extatique, en reliant le spirituel au quotidien. Gr\u00e2ce \u00e0 son \u00e9nergie, son humour, l\u2019auteur montre comment faire de sa vie une c\u00e9l\u00e9bration quotidienne du sacr\u00e9.<\/div>\n","protected":false},"featured_media":5746,"comment_status":"open","ping_status":"closed","template":"","meta":[],"product_brand":[],"product_cat":[16,12,13],"product_tag":[],"class_list":{"0":"post-2358","1":"product","2":"type-product","3":"status-publish","4":"has-post-thumbnail","6":"product_cat-webshop","7":"product_cat-livres","8":"product_cat-margot-anand","10":"first","11":"instock","12":"taxable","13":"shipping-taxable","14":"purchasable","15":"product-type-simple"},"bundle_layout":"","bundled_by":[],"bundled_items":[],"aioseo_notices":[],"_links":{"self":[{"href":"https:\/\/gay-tantra-shop.com\/fr\/wp-json\/wp\/v2\/product\/2358","targetHints":{"allow":["GET"]}}],"collection":[{"href":"https:\/\/gay-tantra-shop.com\/fr\/wp-json\/wp\/v2\/product"}],"about":[{"href":"https:\/\/gay-tantra-shop.com\/fr\/wp-json\/wp\/v2\/types\/product"}],"replies":[{"embeddable":true,"href":"https:\/\/gay-tantra-shop.com\/fr\/wp-json\/wp\/v2\/comments?post=2358"}],"wp:featuredmedia":[{"embeddable":true,"href":"https:\/\/gay-tantra-shop.com\/fr\/wp-json\/wp\/v2\/media\/5746"}],"wp:attachment":[{"href":"https:\/\/gay-tantra-shop.com\/fr\/wp-json\/wp\/v2\/media?parent=2358"}],"wp:term":[{"taxonomy":"product_brand","embeddable":true,"href":"https:\/\/gay-tantra-shop.com\/fr\/wp-json\/wp\/v2\/product_brand?post=2358"},{"taxonomy":"product_cat","embeddable":true,"href":"https:\/\/gay-tantra-shop.com\/fr\/wp-json\/wp\/v2\/product_cat?post=2358"},{"taxonomy":"product_tag","embeddable":true,"href":"https:\/\/gay-tantra-shop.com\/fr\/wp-json\/wp\/v2\/product_tag?post=2358"}],"curies":[{"name":"wp","href":"https:\/\/api.w.org\/{rel}","templated":true}]}}