{"id":28,"date":"2016-05-24T10:45:26","date_gmt":"2016-05-24T08:45:26","guid":{"rendered":"http:\/\/gay-tantra-shop.eu\/?post_type=product&#038;p=28"},"modified":"2022-02-13T10:18:27","modified_gmt":"2022-02-13T09:18:27","slug":"die-kunst-der-selbstekstase-multiple-orgasmen-durch-masturbation","status":"publish","type":"product","link":"https:\/\/gay-tantra-shop.com\/fr\/produkt\/die-kunst-der-selbstekstase-multiple-orgasmen-durch-masturbation\/","title":{"rendered":"DVD: Die Kunst der Selbstekstase &#8211; multiple Orgasmen durch Masturbation [Armin Heining]"},"content":{"rendered":"<p><\/p>\n<p>Multiple Orgasmen durch Masturbation<\/p>\n<p><\/p>","protected":false},"excerpt":{"rendered":"<div class=\"gProdDescription\"><strong>Armin Heining<\/strong><\/div>\n<div class=\"gCod\"><strong>Altersfreigabe<\/strong>: 16<\/div>\n<div class=\"gCod\">\u00a0<\/div>\n<div class=\"gCod\">Jeder tut\u2019s, und kaum jemand spricht dar\u00fcber: \u00ab\u00a0Sex mit sich selbst\u00a0\u00bb, Masturbation. Auch in der aufgekl\u00e4rten Gesellschaft liegen Abneigung, Scham, Scheu, Schuld dar\u00fcber: &lsquo;Sex zweiter Klasse&rsquo;, &lsquo;Wixen&rsquo; \u2013 eigentlich geht es um etwas Anderes. Lerne, wie Du lustvoller und liebevoller Dir nicht nur Befriedigung, sondern Zufriedenheit und Frieden schenken kannst. Die gezeigten Schritte werden Dir helfen, vollkommen neue sexuelle Erfahrungen zu machen, die Du sp\u00e4ter auch in die Partnerschaft mit einbinden kannst. Im Bonusteil erf\u00e4hrst Du, wie Sexualit\u00e4t auch total und damit Meditation sein kann. Du bekommst Einblicke in die GAY-TANTRA\u00ae Lehrg\u00e4nge und lernst den Begr\u00fcnder von GAY-TANTRA\u00ae, Armin Heining (seit 1992) n\u00e4her kennen. FSK: Freigegeben ab 16 Jahren Ver\u00f6ffentlicht: Mai 2015 Sprache: Deutsch Code: PAL Spieldauer: 67:26 Minuten Hauptfilm Bonus 15:05 Minuten, Armin Heining: &lsquo;Multiple Orgasmen durch Masturbation&rsquo; Bonus 15:55 Minuten, Armin Heining: &lsquo;Was ist GAY-TANTRA\u00ae ?&rsquo;<\/div>\n","protected":false},"featured_media":5644,"comment_status":"open","ping_status":"closed","template":"","meta":[],"product_brand":[],"product_cat":[16,8,9],"product_tag":[],"class_list":{"0":"post-28","1":"product","2":"type-product","3":"status-publish","4":"has-post-thumbnail","6":"product_cat-webshop","7":"product_cat-gay-tantra-filme","8":"product_cat-ekstase-videos","10":"first","11":"instock","12":"taxable","13":"shipping-taxable","14":"purchasable","15":"product-type-simple"},"bundle_layout":"","bundled_by":[],"bundled_items":[],"aioseo_notices":[],"_links":{"self":[{"href":"https:\/\/gay-tantra-shop.com\/fr\/wp-json\/wp\/v2\/product\/28","targetHints":{"allow":["GET"]}}],"collection":[{"href":"https:\/\/gay-tantra-shop.com\/fr\/wp-json\/wp\/v2\/product"}],"about":[{"href":"https:\/\/gay-tantra-shop.com\/fr\/wp-json\/wp\/v2\/types\/product"}],"replies":[{"embeddable":true,"href":"https:\/\/gay-tantra-shop.com\/fr\/wp-json\/wp\/v2\/comments?post=28"}],"wp:featuredmedia":[{"embeddable":true,"href":"https:\/\/gay-tantra-shop.com\/fr\/wp-json\/wp\/v2\/media\/5644"}],"wp:attachment":[{"href":"https:\/\/gay-tantra-shop.com\/fr\/wp-json\/wp\/v2\/media?parent=28"}],"wp:term":[{"taxonomy":"product_brand","embeddable":true,"href":"https:\/\/gay-tantra-shop.com\/fr\/wp-json\/wp\/v2\/product_brand?post=28"},{"taxonomy":"product_cat","embeddable":true,"href":"https:\/\/gay-tantra-shop.com\/fr\/wp-json\/wp\/v2\/product_cat?post=28"},{"taxonomy":"product_tag","embeddable":true,"href":"https:\/\/gay-tantra-shop.com\/fr\/wp-json\/wp\/v2\/product_tag?post=28"}],"curies":[{"name":"wp","href":"https:\/\/api.w.org\/{rel}","templated":true}]}}