{"id":291,"date":"2016-05-27T09:38:05","date_gmt":"2016-05-27T07:38:05","guid":{"rendered":"http:\/\/gay-tantra-shop.eu\/?post_type=product&#038;p=291"},"modified":"2024-04-11T16:23:33","modified_gmt":"2024-04-11T14:23:33","slug":"film-download-ritual-und-sexuelle-ekstase-armin-heining","status":"publish","type":"product","link":"https:\/\/gay-tantra-shop.com\/fr\/produkt\/film-download-ritual-und-sexuelle-ekstase-armin-heining\/","title":{"rendered":"Download: Ritual und sexuelle Ekstase [Armin Heining]"},"content":{"rendered":"<p>Vom &lsquo;normalen&rsquo; Sex zur Ekstase!<\/p>\n","protected":false},"excerpt":{"rendered":"<div class=\"gProdDescription\"><strong>Armin Heining<\/strong><\/div>\n<div class=\"gCod\"><strong>Altersfreigabe<\/strong>: 18<\/div>\n<div class=\"gProdDescription\">Lerne St\u00fcck f\u00fcr St\u00fcck die GAY-TANTRA Ekstase-Techniken: Vertieftes Atmen, Ausdruck und Bewegung, intime Ber\u00fchrung und Massage, Visualisation und Meditation. Bette diese ein im Sich\u00f6ffnen zu einer h\u00f6heren Macht und der bedingungslosen Hingabe an (D)einen Partner.&#039;GAY-TANTRA Ritual und Sexuelle Ekstase&#039; richtet sich in gleicher Weise an Singles als auch an Paare. Autor: Armin Heining Sprache: Deutsch Spieldauer: ca. 47 Minuten *FSK ab 18 Jahren. Altersnachweis durch ein amtliches Dokument erforderlich! per Fax an 0049 30 33023679 oder als Scan per Email<\/div>\n","protected":false},"featured_media":5580,"comment_status":"open","ping_status":"closed","template":"","meta":[],"product_brand":[],"product_cat":[19,20,24],"product_tag":[],"class_list":{"0":"post-291","1":"product","2":"type-product","3":"status-publish","4":"has-post-thumbnail","6":"product_cat-downloads","7":"product_cat-gay-tantra-filme-downloads","8":"product_cat-ekstase-videos-gay-tantra-filme-downloads","10":"first","11":"instock","12":"downloadable","13":"virtual","14":"taxable","15":"purchasable","16":"product-type-simple"},"bundle_layout":"","bundled_by":[],"bundled_items":[],"aioseo_notices":[],"_links":{"self":[{"href":"https:\/\/gay-tantra-shop.com\/fr\/wp-json\/wp\/v2\/product\/291","targetHints":{"allow":["GET"]}}],"collection":[{"href":"https:\/\/gay-tantra-shop.com\/fr\/wp-json\/wp\/v2\/product"}],"about":[{"href":"https:\/\/gay-tantra-shop.com\/fr\/wp-json\/wp\/v2\/types\/product"}],"replies":[{"embeddable":true,"href":"https:\/\/gay-tantra-shop.com\/fr\/wp-json\/wp\/v2\/comments?post=291"}],"wp:featuredmedia":[{"embeddable":true,"href":"https:\/\/gay-tantra-shop.com\/fr\/wp-json\/wp\/v2\/media\/5580"}],"wp:attachment":[{"href":"https:\/\/gay-tantra-shop.com\/fr\/wp-json\/wp\/v2\/media?parent=291"}],"wp:term":[{"taxonomy":"product_brand","embeddable":true,"href":"https:\/\/gay-tantra-shop.com\/fr\/wp-json\/wp\/v2\/product_brand?post=291"},{"taxonomy":"product_cat","embeddable":true,"href":"https:\/\/gay-tantra-shop.com\/fr\/wp-json\/wp\/v2\/product_cat?post=291"},{"taxonomy":"product_tag","embeddable":true,"href":"https:\/\/gay-tantra-shop.com\/fr\/wp-json\/wp\/v2\/product_tag?post=291"}],"curies":[{"name":"wp","href":"https:\/\/api.w.org\/{rel}","templated":true}]}}