{"id":294,"date":"2016-05-27T10:18:35","date_gmt":"2016-05-27T08:18:35","guid":{"rendered":"http:\/\/gay-tantra-shop.eu\/?post_type=product&#038;p=294"},"modified":"2024-04-11T16:20:17","modified_gmt":"2024-04-11T14:20:17","slug":"film-download-der-schwule-superorgasmus-armin-heining","status":"publish","type":"product","link":"https:\/\/gay-tantra-shop.com\/fr\/produkt\/film-download-der-schwule-superorgasmus-armin-heining\/","title":{"rendered":"Download: Der schwule Superorgasmus [Armin Heining]"},"content":{"rendered":"<p>Erwecke Dein ganzes sexuelles Potential!<\/p>\n","protected":false},"excerpt":{"rendered":"<div class=\"gProdDescription\">\n<div class=\"gProdDescription\"><strong>Armin Heining<\/strong><\/div>\n<div class=\"gCod\"><strong>Altersfreigabe<\/strong>: 16<\/div>\n<div class=\"gProdDescription\">\n<p>Erwecken Sie Ihr ganzes sexuelles Potential! <br \/>\nVerbinden Sie es mit Leidenschaft &#8211; Fluss &#8211; Power &#8211; Liebe &#8211; Wahrheit &#8211; Klarheit und Einsicht.<\/p>\n<p>Durch GAY-TANTRA werden Sie Ihren K\u00f6rper, Ihre Sexualit\u00e4t und Ihr orgastisches Empfinden voll entfalten. Mehr Lebensenergie, Lebendigkeit, Leidenschaft und Zufriedenheit durchstr\u00f6men Sie. Praktizieren Sie \u201aDie multiple, orgasmische Genital-Massage\u2019 in Verbindung mit der Stimulation von \u201aDie multiplen, orgasmischen Anal- und Prostata-Massage\u2019 (DVDs 2011). Leiten Sie die Erregung durch den ganzen K\u00f6rper \u2013 auf dass Gedanken und Willensimpulse sich aufl\u00f6sen in Elektrizit\u00e4t, W\u00e4rme, Str\u00f6men und in den gegenw\u00e4rtigen Moment.<\/p>\n<p>Lernen Sie wie sich die einzelnen Massagetechniken zusammensetzen und wie Sie durch den sogenannten Feueratemorgasmus tiefste orgasmische Erlebnisse erzielen k\u00f6nnen.<\/p>\n<p>FSK: Freigegeben ab 16 Jahren <br \/>\nVer\u00f6ffentlicht: November 2014 <br \/>\nSprache: Deutsch und Englisch<\/p>\n<p>Spieldauer: 64:32 Minuten<\/p>\n<\/div>\n<\/div>\n","protected":false},"featured_media":5567,"comment_status":"open","ping_status":"closed","template":"","meta":[],"product_brand":[],"product_cat":[19,20,24],"product_tag":[],"class_list":{"0":"post-294","1":"product","2":"type-product","3":"status-publish","4":"has-post-thumbnail","6":"product_cat-downloads","7":"product_cat-gay-tantra-filme-downloads","8":"product_cat-ekstase-videos-gay-tantra-filme-downloads","10":"first","11":"instock","12":"downloadable","13":"virtual","14":"taxable","15":"purchasable","16":"product-type-simple"},"bundle_layout":"","bundled_by":["1449"],"bundled_items":[],"aioseo_notices":[],"_links":{"self":[{"href":"https:\/\/gay-tantra-shop.com\/fr\/wp-json\/wp\/v2\/product\/294","targetHints":{"allow":["GET"]}}],"collection":[{"href":"https:\/\/gay-tantra-shop.com\/fr\/wp-json\/wp\/v2\/product"}],"about":[{"href":"https:\/\/gay-tantra-shop.com\/fr\/wp-json\/wp\/v2\/types\/product"}],"replies":[{"embeddable":true,"href":"https:\/\/gay-tantra-shop.com\/fr\/wp-json\/wp\/v2\/comments?post=294"}],"wp:featuredmedia":[{"embeddable":true,"href":"https:\/\/gay-tantra-shop.com\/fr\/wp-json\/wp\/v2\/media\/5567"}],"wp:attachment":[{"href":"https:\/\/gay-tantra-shop.com\/fr\/wp-json\/wp\/v2\/media?parent=294"}],"wp:term":[{"taxonomy":"product_brand","embeddable":true,"href":"https:\/\/gay-tantra-shop.com\/fr\/wp-json\/wp\/v2\/product_brand?post=294"},{"taxonomy":"product_cat","embeddable":true,"href":"https:\/\/gay-tantra-shop.com\/fr\/wp-json\/wp\/v2\/product_cat?post=294"},{"taxonomy":"product_tag","embeddable":true,"href":"https:\/\/gay-tantra-shop.com\/fr\/wp-json\/wp\/v2\/product_tag?post=294"}],"curies":[{"name":"wp","href":"https:\/\/api.w.org\/{rel}","templated":true}]}}