{"id":295,"date":"2016-05-27T10:21:37","date_gmt":"2016-05-27T08:21:37","guid":{"rendered":"http:\/\/gay-tantra-shop.eu\/?post_type=product&#038;p=295"},"modified":"2024-04-11T16:17:54","modified_gmt":"2024-04-11T14:17:54","slug":"download-die-multiple-orgasmische-genital-massage-armin-heining","status":"publish","type":"product","link":"https:\/\/gay-tantra-shop.com\/fr\/produkt\/download-die-multiple-orgasmische-genital-massage-armin-heining\/","title":{"rendered":"Download: Die multiple, orgasmische Genital-Massage [Armin Heining]"},"content":{"rendered":"<p><\/p>\n<p>Lebensenergie und mehr Leidenschaft &#8211; verpackt in einer genitalen Massage.<\/p>\n<p><\/p>","protected":false},"excerpt":{"rendered":"<div class=\"gProdDescription\"><strong>Armin Heining<\/strong><\/div>\n<div class=\"gCod\"><strong>Altersfreigabe<\/strong>: 18<\/div>\n<div class=\"gProdDescription\">Durch GAY-TANTRA wirst Du Deinen K\u00f6rper, Deine Sexualit\u00e4t und Dein orgasmisches Empfinden neu entdecken! Erlebe, dass ein finales Ende nur der Anfang von etwas ganz Neuem ist!Die Griffe der Genital-Massage werden verst\u00e4ndlich erkl\u00e4rt. Auch der Einsteiger bekommt einen leichten Zugang dazu! Die begleitende Technik des &#039;Herzatems&#039; l\u00e4dt sofort zum Mitmachen ein. Autor: Armin Heining Sprache: Deutsch Spieldauer: ca. 50 Minuten *FSK ab 18 Jahren. Altersnachweis durch ein amtliches Dokument erforderlich! per Fax an 0049 30 33023679 oder per Email<\/div>\n","protected":false},"featured_media":5584,"comment_status":"open","ping_status":"closed","template":"","meta":[],"product_brand":[],"product_cat":[19,20,24],"product_tag":[],"class_list":{"0":"post-295","1":"product","2":"type-product","3":"status-publish","4":"has-post-thumbnail","6":"product_cat-downloads","7":"product_cat-gay-tantra-filme-downloads","8":"product_cat-ekstase-videos-gay-tantra-filme-downloads","10":"first","11":"instock","12":"downloadable","13":"virtual","14":"taxable","15":"purchasable","16":"product-type-simple"},"bundle_layout":"","bundled_by":["1449"],"bundled_items":[],"aioseo_notices":[],"_links":{"self":[{"href":"https:\/\/gay-tantra-shop.com\/fr\/wp-json\/wp\/v2\/product\/295","targetHints":{"allow":["GET"]}}],"collection":[{"href":"https:\/\/gay-tantra-shop.com\/fr\/wp-json\/wp\/v2\/product"}],"about":[{"href":"https:\/\/gay-tantra-shop.com\/fr\/wp-json\/wp\/v2\/types\/product"}],"replies":[{"embeddable":true,"href":"https:\/\/gay-tantra-shop.com\/fr\/wp-json\/wp\/v2\/comments?post=295"}],"wp:featuredmedia":[{"embeddable":true,"href":"https:\/\/gay-tantra-shop.com\/fr\/wp-json\/wp\/v2\/media\/5584"}],"wp:attachment":[{"href":"https:\/\/gay-tantra-shop.com\/fr\/wp-json\/wp\/v2\/media?parent=295"}],"wp:term":[{"taxonomy":"product_brand","embeddable":true,"href":"https:\/\/gay-tantra-shop.com\/fr\/wp-json\/wp\/v2\/product_brand?post=295"},{"taxonomy":"product_cat","embeddable":true,"href":"https:\/\/gay-tantra-shop.com\/fr\/wp-json\/wp\/v2\/product_cat?post=295"},{"taxonomy":"product_tag","embeddable":true,"href":"https:\/\/gay-tantra-shop.com\/fr\/wp-json\/wp\/v2\/product_tag?post=295"}],"curies":[{"name":"wp","href":"https:\/\/api.w.org\/{rel}","templated":true}]}}