{"id":297,"date":"2016-05-27T10:26:47","date_gmt":"2016-05-27T08:26:47","guid":{"rendered":"http:\/\/gay-tantra-shop.eu\/?post_type=product&#038;p=297"},"modified":"2024-04-11T16:27:53","modified_gmt":"2024-04-11T14:27:53","slug":"download-anal-prostata-massage-armin-heining","status":"publish","type":"product","link":"https:\/\/gay-tantra-shop.com\/fr\/produkt\/download-anal-prostata-massage-armin-heining\/","title":{"rendered":"Download: Anal- &#038; Prostata-Massage [Armin Heining]"},"content":{"rendered":"<p>Die GAY-TANTRA Anal- und Prostata-Massage erm\u00f6glicht heilsame Prozesse.<\/p>\n","protected":false},"excerpt":{"rendered":"<div class=\"gProdDescription\"><strong>Armin Heining<\/strong><\/div>\n<div class=\"gCod\"><strong>Altersfreigabe<\/strong>: 16<\/div>\n<div class=\"gCod\">Auch f\u00fcr schwul lebende M\u00e4nner sind Anus und Prostata der meist unbekannte Teil ihrer Sexualit\u00e4t. Und doch verbergen sie wunderbare Sch\u00e4tze, deren Entdeckung das Leben des Mannes bereichert und vervollst\u00e4ndigt.<\/div>\n<div class=\"gProdDescription\">Als &#039;m\u00e4nnlicher G-Punkt&#039; kann die Massage der Prostata zu v\u00f6llig neuen sexuellen Erfahrungen bis hin zu multiplen Orgasmen f\u00fchren. Die GAY-TANTRA Anal- und Prostata-Massage erm\u00f6glicht heilsame Prozesse auf der k\u00f6rperlichen, seelischen und spirituellen Ebene. Die Ber\u00fchrungen der Massage werden einfach und verst\u00e4ndlich erkl\u00e4rt, so dass auch Einsteiger einen leichten Zugang dazu bekommen. Die heilsame Wirkung der Massage im Bereich der Gesundheitsvorsorge ist weltweit anerkannt und wird immer h\u00e4ufiger von Medizinern empfohlen. Autor: Armin Heining FSK: Freigegeben ab 16 Jahren Ver\u00f6ffentlicht: Juni 2010 Sprache: Deutsch Spieldauer: ca. 64 Minuten<\/div>\n","protected":false},"featured_media":5633,"comment_status":"open","ping_status":"closed","template":"","meta":[],"product_brand":[],"product_cat":[19,20,36],"product_tag":[],"class_list":{"0":"post-297","1":"product","2":"type-product","3":"status-publish","4":"has-post-thumbnail","6":"product_cat-downloads","7":"product_cat-gay-tantra-filme-downloads","8":"product_cat-massage-videos-gay-tantra-filme-downloads","10":"first","11":"instock","12":"downloadable","13":"virtual","14":"taxable","15":"purchasable","16":"product-type-simple"},"bundle_layout":"","bundled_by":[],"bundled_items":[],"aioseo_notices":[],"_links":{"self":[{"href":"https:\/\/gay-tantra-shop.com\/fr\/wp-json\/wp\/v2\/product\/297","targetHints":{"allow":["GET"]}}],"collection":[{"href":"https:\/\/gay-tantra-shop.com\/fr\/wp-json\/wp\/v2\/product"}],"about":[{"href":"https:\/\/gay-tantra-shop.com\/fr\/wp-json\/wp\/v2\/types\/product"}],"replies":[{"embeddable":true,"href":"https:\/\/gay-tantra-shop.com\/fr\/wp-json\/wp\/v2\/comments?post=297"}],"wp:featuredmedia":[{"embeddable":true,"href":"https:\/\/gay-tantra-shop.com\/fr\/wp-json\/wp\/v2\/media\/5633"}],"wp:attachment":[{"href":"https:\/\/gay-tantra-shop.com\/fr\/wp-json\/wp\/v2\/media?parent=297"}],"wp:term":[{"taxonomy":"product_brand","embeddable":true,"href":"https:\/\/gay-tantra-shop.com\/fr\/wp-json\/wp\/v2\/product_brand?post=297"},{"taxonomy":"product_cat","embeddable":true,"href":"https:\/\/gay-tantra-shop.com\/fr\/wp-json\/wp\/v2\/product_cat?post=297"},{"taxonomy":"product_tag","embeddable":true,"href":"https:\/\/gay-tantra-shop.com\/fr\/wp-json\/wp\/v2\/product_tag?post=297"}],"curies":[{"name":"wp","href":"https:\/\/api.w.org\/{rel}","templated":true}]}}