{"id":30,"date":"2016-05-24T10:46:17","date_gmt":"2016-05-24T08:46:17","guid":{"rendered":"http:\/\/gay-tantra-shop.eu\/?post_type=product&#038;p=30"},"modified":"2022-02-15T12:09:23","modified_gmt":"2022-02-15T11:09:23","slug":"dvd-ultimate-gay-sex","status":"publish","type":"product","link":"https:\/\/gay-tantra-shop.com\/fr\/produkt\/dvd-ultimate-gay-sex\/","title":{"rendered":"DVD: Ultimate Gay Sex [Armin Heining]"},"content":{"rendered":"<p>Entwickle Deine Sexualit\u00e4t in h\u00f6chste Stadien!<\/p>\n","protected":false},"excerpt":{"rendered":"<div class=\"gProdDescription\"><strong>Armin Heining<\/strong><\/div>\n<div class=\"gCod\"><strong>Altersfreigabe<\/strong>: 16<\/div>\n<div class=\"gProdDescription\">Entwickle Deine Sexualit\u00e4t in h\u00f6chste Stadien!<br \/>\n Lasse Dein ganzes Mann- und Menschsein daran teilhaben!GAY-TANTRA \u2013 Ultimate Gay Sex zeigt Dir auf eindr\u00fcckliche Weise, wie Du Deine sexuelle Spontanit\u00e4t und Kreativit\u00e4t steigern und dadurch Dich selbst entwickeln kannst.Lerne durch Atem und Visualisation verschiedene Ausdrucksformen Deiner Sexualit\u00e4t zu aktivieren. Dr\u00fccke diese in lustvollen Ber\u00fchrungen und Stimulationen aus. Erfahre, wie Du auf ganzheitliche Weise Deinen Partner lieben kannst, so dass K\u00f6rpergrenzen schmelzen und Ihr EINS werdet.<\/p>\n<p>Im Bonusteil erf\u00e4hrst Du mehr zu den Energiezonen der Sexualit\u00e4t und ihrer Bedeutung. Du bekommst Einblicke in die GAY-TANTRA Lehrg\u00e4nge und lernst den Begr\u00fcnder von GAY-TANTRA, Armin Heining (seit 1992) n\u00e4her kennen.<\/p>\n<p>FSK: Freigegeben ab 16 Jahren<br \/>\n Ver\u00f6ffentlicht: November 2014<br \/>\n Sprache: Deutsch<br \/>\n Spieldauer: 65:23 Minuten Hauptfilm<br \/>\n Bonus 15:50 Minuten, Armin Heining: &lsquo;Was ist GAY-TANTRA&rsquo;<br \/>\n Bonus 14:47 Minuten, Armin Heining: &lsquo;Ultimate Gay Sex und die Energiezonen des K\u00f6rpers&rsquo;<\/div>\n","protected":false},"featured_media":5668,"comment_status":"open","ping_status":"closed","template":"","meta":[],"product_brand":[],"product_cat":[16,8,9],"product_tag":[],"class_list":{"0":"post-30","1":"product","2":"type-product","3":"status-publish","4":"has-post-thumbnail","6":"product_cat-webshop","7":"product_cat-gay-tantra-filme","8":"product_cat-ekstase-videos","10":"first","11":"instock","12":"taxable","13":"shipping-taxable","14":"purchasable","15":"product-type-simple"},"bundle_layout":"","bundled_by":[],"bundled_items":[],"aioseo_notices":[],"_links":{"self":[{"href":"https:\/\/gay-tantra-shop.com\/fr\/wp-json\/wp\/v2\/product\/30","targetHints":{"allow":["GET"]}}],"collection":[{"href":"https:\/\/gay-tantra-shop.com\/fr\/wp-json\/wp\/v2\/product"}],"about":[{"href":"https:\/\/gay-tantra-shop.com\/fr\/wp-json\/wp\/v2\/types\/product"}],"replies":[{"embeddable":true,"href":"https:\/\/gay-tantra-shop.com\/fr\/wp-json\/wp\/v2\/comments?post=30"}],"wp:featuredmedia":[{"embeddable":true,"href":"https:\/\/gay-tantra-shop.com\/fr\/wp-json\/wp\/v2\/media\/5668"}],"wp:attachment":[{"href":"https:\/\/gay-tantra-shop.com\/fr\/wp-json\/wp\/v2\/media?parent=30"}],"wp:term":[{"taxonomy":"product_brand","embeddable":true,"href":"https:\/\/gay-tantra-shop.com\/fr\/wp-json\/wp\/v2\/product_brand?post=30"},{"taxonomy":"product_cat","embeddable":true,"href":"https:\/\/gay-tantra-shop.com\/fr\/wp-json\/wp\/v2\/product_cat?post=30"},{"taxonomy":"product_tag","embeddable":true,"href":"https:\/\/gay-tantra-shop.com\/fr\/wp-json\/wp\/v2\/product_tag?post=30"}],"curies":[{"name":"wp","href":"https:\/\/api.w.org\/{rel}","templated":true}]}}