{"id":34,"date":"2016-05-24T10:48:33","date_gmt":"2016-05-24T08:48:33","guid":{"rendered":"http:\/\/gay-tantra-shop.eu\/?post_type=product&#038;p=34"},"modified":"2022-02-12T13:12:01","modified_gmt":"2022-02-12T12:12:01","slug":"dvd-die-multiple-orgasmische-anal-und-prostata-massage","status":"publish","type":"product","link":"https:\/\/gay-tantra-shop.com\/fr\/produkt\/dvd-die-multiple-orgasmische-anal-und-prostata-massage\/","title":{"rendered":"DVD: Die multiple, orgasmische Anal- und Prostata-Massage [Armin Heining]"},"content":{"rendered":"<p><\/p>\n<p>Prickelnde Lebendigkeit \u00fcberall im Becken sp\u00fcren!<\/p>\n<p><\/p>","protected":false},"excerpt":{"rendered":"<div class=\"gProdDescription\"><strong>Armin Heining<\/strong><\/div>\n<div class=\"gCod\"><strong>Altersfreigabe<\/strong>: 18<\/div>\n<div class=\"gCod\">Intime Ber\u00fchrungen der Anal- und Prostata-Massage werden einf\u00fchlsam dargestellt als Schl\u00fcssel zu multiplen, orgasmischen, analen Reaktionen. Auch der Einsteiger bekommt einen leichten Zugang dazu. Die begleitende Technik des &lsquo;Anusatmens&rsquo; l\u00e4dt sofort zum Mitmachen ein.<\/div>\n<div class=\"gProdDescription\">\n<p>Im Bonusteil erf\u00e4hrst Du mehr zu den hintergr\u00fcndigen Abl\u00e4ufen w\u00e4hrend des Orgasmus, und wie sich diese aufregend neue Massage von anderen abgrenzt.<\/p>\n<p>Autor: Armin Heining<br \/>\n Sprache: Deutsch<br \/>\n Format: PAL<br \/>\n Spieldauer: ca. 46 Minuten Hauptfilm<br \/>\n ca. 22 Minuten Bonusfilm: &lsquo;Armin Heining \u00fcber die GAY-TANTRA multiplen orgasmischen Massagen&rsquo;, Monolog<\/p>\n<p>*FSK ab 18 Jahren.<br \/>\n Altersnachweis durch ein amtliches Dokument erforderlich!<br \/>\n per Fax an 0049 30 33023679 oder als Scan per Email<\/p>\n<\/div>\n","protected":false},"featured_media":5634,"comment_status":"open","ping_status":"closed","template":"","meta":[],"product_brand":[],"product_cat":[16,8,9],"product_tag":[],"class_list":{"0":"post-34","1":"product","2":"type-product","3":"status-publish","4":"has-post-thumbnail","6":"product_cat-webshop","7":"product_cat-gay-tantra-filme","8":"product_cat-ekstase-videos","10":"first","11":"instock","12":"taxable","13":"shipping-taxable","14":"purchasable","15":"product-type-simple"},"bundle_layout":"","bundled_by":[],"bundled_items":[],"aioseo_notices":[],"_links":{"self":[{"href":"https:\/\/gay-tantra-shop.com\/fr\/wp-json\/wp\/v2\/product\/34","targetHints":{"allow":["GET"]}}],"collection":[{"href":"https:\/\/gay-tantra-shop.com\/fr\/wp-json\/wp\/v2\/product"}],"about":[{"href":"https:\/\/gay-tantra-shop.com\/fr\/wp-json\/wp\/v2\/types\/product"}],"replies":[{"embeddable":true,"href":"https:\/\/gay-tantra-shop.com\/fr\/wp-json\/wp\/v2\/comments?post=34"}],"wp:featuredmedia":[{"embeddable":true,"href":"https:\/\/gay-tantra-shop.com\/fr\/wp-json\/wp\/v2\/media\/5634"}],"wp:attachment":[{"href":"https:\/\/gay-tantra-shop.com\/fr\/wp-json\/wp\/v2\/media?parent=34"}],"wp:term":[{"taxonomy":"product_brand","embeddable":true,"href":"https:\/\/gay-tantra-shop.com\/fr\/wp-json\/wp\/v2\/product_brand?post=34"},{"taxonomy":"product_cat","embeddable":true,"href":"https:\/\/gay-tantra-shop.com\/fr\/wp-json\/wp\/v2\/product_cat?post=34"},{"taxonomy":"product_tag","embeddable":true,"href":"https:\/\/gay-tantra-shop.com\/fr\/wp-json\/wp\/v2\/product_tag?post=34"}],"curies":[{"name":"wp","href":"https:\/\/api.w.org\/{rel}","templated":true}]}}