{"id":36,"date":"2016-05-24T10:50:56","date_gmt":"2016-05-24T08:50:56","guid":{"rendered":"http:\/\/gay-tantra-shop.eu\/?post_type=product&#038;p=36"},"modified":"2022-10-26T17:03:15","modified_gmt":"2022-10-26T15:03:15","slug":"dvd-die-multiple-orgasmische-genital-massage","status":"publish","type":"product","link":"https:\/\/gay-tantra-shop.com\/fr\/produkt\/dvd-die-multiple-orgasmische-genital-massage\/","title":{"rendered":"DVD: Die multiple, orgasmische Genital-Massage [Armin Heining]"},"content":{"rendered":"<p><\/p>\n<p>Lebensenergie und mehr Leidenschaft &#8211; verpackt in einer genitalen Massage.<\/p>\n<p><\/p>","protected":false},"excerpt":{"rendered":"<div class=\"gProdDescription\"><strong>Armin Heining<\/strong><\/div>\n<div class=\"gCod\"><strong>Altersfreigabe<\/strong>: 18<\/div>\n<div class=\"gProdDescription\">Durch GAY-TANTRA wirst Du Deinen K\u00f6rper, Deine Sexualit\u00e4t und Dein orgasmisches Empfinden neu entdecken!<br \/>\n Erlebe, dass ein finales Ende nur der Anfang von etwas ganz Neuem ist!Die Griffe der Genital-Massage werden verst\u00e4ndlich erkl\u00e4rt. Auch der Einsteiger bekommt einen leichten Zugang dazu! Die begleitende Technik des &lsquo;Herzatems&rsquo; l\u00e4dt sofort zum Mitmachen ein.<\/p>\n<p>Im Bonusteil erf\u00e4hrst Du mehr zu den hintergr\u00fcndigen Abl\u00e4ufen w\u00e4hrend des Orgasmus, und wie sich diese aufregend neue Massage von anderen abgrenzt.<\/p>\n<p>Autor: Armin Heining<br \/>\n Sprache: Deutsch<br \/>\n Spieldauer: ca. 50 Minuten Hauptfilm<br \/>\n ca. 22 Minuten Bonusteil &lsquo;Armin Heining \u00fcber die GAY-TANTRA multiplen-orgasmischen Massagen&rsquo;<\/p>\n<p>*FSK ab 18 Jahren.<br \/>\n Altersnachweis durch ein amtliches Dokument erforderlich!<br \/>\n per Fax an 0049 30 33023679 oder per Email<\/p>\n<\/div>\n","protected":false},"featured_media":5584,"comment_status":"open","ping_status":"closed","template":"","meta":[],"product_brand":[],"product_cat":[16,8,9],"product_tag":[],"class_list":{"0":"post-36","1":"product","2":"type-product","3":"status-publish","4":"has-post-thumbnail","6":"product_cat-webshop","7":"product_cat-gay-tantra-filme","8":"product_cat-ekstase-videos","10":"first","11":"outofstock","12":"taxable","13":"shipping-taxable","14":"purchasable","15":"product-type-simple"},"bundle_layout":"","bundled_by":[],"bundled_items":[],"aioseo_notices":[],"_links":{"self":[{"href":"https:\/\/gay-tantra-shop.com\/fr\/wp-json\/wp\/v2\/product\/36","targetHints":{"allow":["GET"]}}],"collection":[{"href":"https:\/\/gay-tantra-shop.com\/fr\/wp-json\/wp\/v2\/product"}],"about":[{"href":"https:\/\/gay-tantra-shop.com\/fr\/wp-json\/wp\/v2\/types\/product"}],"replies":[{"embeddable":true,"href":"https:\/\/gay-tantra-shop.com\/fr\/wp-json\/wp\/v2\/comments?post=36"}],"wp:featuredmedia":[{"embeddable":true,"href":"https:\/\/gay-tantra-shop.com\/fr\/wp-json\/wp\/v2\/media\/5584"}],"wp:attachment":[{"href":"https:\/\/gay-tantra-shop.com\/fr\/wp-json\/wp\/v2\/media?parent=36"}],"wp:term":[{"taxonomy":"product_brand","embeddable":true,"href":"https:\/\/gay-tantra-shop.com\/fr\/wp-json\/wp\/v2\/product_brand?post=36"},{"taxonomy":"product_cat","embeddable":true,"href":"https:\/\/gay-tantra-shop.com\/fr\/wp-json\/wp\/v2\/product_cat?post=36"},{"taxonomy":"product_tag","embeddable":true,"href":"https:\/\/gay-tantra-shop.com\/fr\/wp-json\/wp\/v2\/product_tag?post=36"}],"curies":[{"name":"wp","href":"https:\/\/api.w.org\/{rel}","templated":true}]}}