{"id":40,"date":"2016-05-24T10:43:38","date_gmt":"2016-05-24T08:43:38","guid":{"rendered":"http:\/\/gay-tantra-shop.eu\/?post_type=product&#038;p=40"},"modified":"2024-09-04T10:30:37","modified_gmt":"2024-09-04T08:30:37","slug":"dvd-gay-kamasutra","status":"publish","type":"product","link":"https:\/\/gay-tantra-shop.com\/fr\/produkt\/dvd-gay-kamasutra\/","title":{"rendered":"DVD: Gay Kamasutra [Armin Heining]"},"content":{"rendered":"<p><\/p>\n<p>Inspirierte Sexualit\u00e4t! Bring Deine sexuelle Liebe facettenreich zum Erbl\u00fchen!<\/p>\n<p><\/p>","protected":false},"excerpt":{"rendered":"<div class=\"gProdDescription\"><strong>Armin Heining<\/strong><\/div>\n<div class=\"gCod\"><strong>Altersfreigabe<\/strong>: 18<\/div>\n<div class=\"gProdDescription\">Dieser Film erschlie\u00dft schwulen M\u00e4nnern die beeindruckende Vielfalt an Liebespositionen, die die &lsquo;Verse des Verlagens&rsquo; auch f\u00fcr Homosexuelle bereithalten.<br \/>\n Erweitere und bereichere Dein Sexleben!<\/p>\n<p>Gay Kamasutra richtet sich in gleicher Weise an Singles als auch an Paare.<\/p>\n<p>Der Bonusteil h\u00e4lt Tipps bereit, wie der Betrachter selbst Kamasutra in sein Leben einbauen kann.<\/p>\n<p>Autor: Armin Heining<br \/>\n Sprache: Deutsch<br \/>\n Spieldauer: ca. 84 Minuten Hauptfilm<br \/>\n ca. 10 Minuten Bonusfilm &lsquo;Armin Heining \u00fcber Gay-Kamasutra und Tantra, Monolog<\/p>\n<p>*FSK ab 18 Jahren.<br \/>\n Altersnachweis durch ein amtliches Dokument erforderlich!<br \/>\n per Fax an 0049 30 33023679<br \/>\n oder als Scan per Email<\/p>\n<\/div>\n","protected":false},"featured_media":5638,"comment_status":"open","ping_status":"closed","template":"","meta":[],"product_brand":[],"product_cat":[16,8,10],"product_tag":[],"class_list":{"0":"post-40","1":"product","2":"type-product","3":"status-publish","4":"has-post-thumbnail","6":"product_cat-webshop","7":"product_cat-gay-tantra-filme","8":"product_cat-ratgeber-videos","10":"first","11":"outofstock","12":"taxable","13":"shipping-taxable","14":"purchasable","15":"product-type-simple"},"bundle_layout":"","bundled_by":[],"bundled_items":[],"aioseo_notices":[],"_links":{"self":[{"href":"https:\/\/gay-tantra-shop.com\/fr\/wp-json\/wp\/v2\/product\/40","targetHints":{"allow":["GET"]}}],"collection":[{"href":"https:\/\/gay-tantra-shop.com\/fr\/wp-json\/wp\/v2\/product"}],"about":[{"href":"https:\/\/gay-tantra-shop.com\/fr\/wp-json\/wp\/v2\/types\/product"}],"replies":[{"embeddable":true,"href":"https:\/\/gay-tantra-shop.com\/fr\/wp-json\/wp\/v2\/comments?post=40"}],"wp:featuredmedia":[{"embeddable":true,"href":"https:\/\/gay-tantra-shop.com\/fr\/wp-json\/wp\/v2\/media\/5638"}],"wp:attachment":[{"href":"https:\/\/gay-tantra-shop.com\/fr\/wp-json\/wp\/v2\/media?parent=40"}],"wp:term":[{"taxonomy":"product_brand","embeddable":true,"href":"https:\/\/gay-tantra-shop.com\/fr\/wp-json\/wp\/v2\/product_brand?post=40"},{"taxonomy":"product_cat","embeddable":true,"href":"https:\/\/gay-tantra-shop.com\/fr\/wp-json\/wp\/v2\/product_cat?post=40"},{"taxonomy":"product_tag","embeddable":true,"href":"https:\/\/gay-tantra-shop.com\/fr\/wp-json\/wp\/v2\/product_tag?post=40"}],"curies":[{"name":"wp","href":"https:\/\/api.w.org\/{rel}","templated":true}]}}