{"id":46,"date":"2016-05-24T10:04:50","date_gmt":"2016-05-24T08:04:50","guid":{"rendered":"http:\/\/gay-tantra-shop.eu\/?post_type=product&#038;p=46"},"modified":"2023-12-19T11:12:44","modified_gmt":"2023-12-19T10:12:44","slug":"cd-heart-chakra-meditation-vol-2-karunesh","status":"publish","type":"product","link":"https:\/\/gay-tantra-shop.com\/fr\/produkt\/cd-heart-chakra-meditation-vol-2-karunesh\/","title":{"rendered":"CD: Heart Chakra Meditation Vol. 2 [Karunesh]"},"content":{"rendered":"<p>Heart Chakra Meditation II<\/p>\n","protected":false},"excerpt":{"rendered":"<p>Karunesh<br \/>\n ISBN\/EAN: 0851324002023<\/p>\n<p>Diese Meditation hilft Ihnen dabei, Ihr Herz zu \u00f6ffnen und K\u00f6rper und Seele mit frischer Energie aufzuladen.<\/p>\n<p>Auf dem Nachfolgealbum der Heart Chakra Meditation (Musik zur Meditation der 4 Himmelsrichtungen) finden Sie sowohl neue \u00dcbungen als auch neue Musik, auf die man sogar die \u00dcbungen beider Alben praktizieren kann. Frischer Wind f\u00fcr die Meditationspraxis zur Erlangung innerer Ausgeglichenheit!<\/p>\n","protected":false},"featured_media":47,"comment_status":"open","ping_status":"closed","template":"","meta":[],"product_brand":[],"product_cat":[16,6,14],"product_tag":[],"class_list":{"0":"post-46","1":"product","2":"type-product","3":"status-publish","4":"has-post-thumbnail","6":"product_cat-webshop","7":"product_cat-music","8":"product_cat-meditation-dynamisch","10":"first","11":"outofstock","12":"taxable","13":"shipping-taxable","14":"purchasable","15":"product-type-simple"},"bundle_layout":"","bundled_by":[],"bundled_items":[],"aioseo_notices":[],"_links":{"self":[{"href":"https:\/\/gay-tantra-shop.com\/fr\/wp-json\/wp\/v2\/product\/46","targetHints":{"allow":["GET"]}}],"collection":[{"href":"https:\/\/gay-tantra-shop.com\/fr\/wp-json\/wp\/v2\/product"}],"about":[{"href":"https:\/\/gay-tantra-shop.com\/fr\/wp-json\/wp\/v2\/types\/product"}],"replies":[{"embeddable":true,"href":"https:\/\/gay-tantra-shop.com\/fr\/wp-json\/wp\/v2\/comments?post=46"}],"wp:featuredmedia":[{"embeddable":true,"href":"https:\/\/gay-tantra-shop.com\/fr\/wp-json\/wp\/v2\/media\/47"}],"wp:attachment":[{"href":"https:\/\/gay-tantra-shop.com\/fr\/wp-json\/wp\/v2\/media?parent=46"}],"wp:term":[{"taxonomy":"product_brand","embeddable":true,"href":"https:\/\/gay-tantra-shop.com\/fr\/wp-json\/wp\/v2\/product_brand?post=46"},{"taxonomy":"product_cat","embeddable":true,"href":"https:\/\/gay-tantra-shop.com\/fr\/wp-json\/wp\/v2\/product_cat?post=46"},{"taxonomy":"product_tag","embeddable":true,"href":"https:\/\/gay-tantra-shop.com\/fr\/wp-json\/wp\/v2\/product_tag?post=46"}],"curies":[{"name":"wp","href":"https:\/\/api.w.org\/{rel}","templated":true}]}}