{"id":64,"date":"2016-05-24T10:16:07","date_gmt":"2016-05-24T08:16:07","guid":{"rendered":"http:\/\/gay-tantra-shop.eu\/?post_type=product&#038;p=64"},"modified":"2023-12-19T11:09:42","modified_gmt":"2023-12-19T10:09:42","slug":"cd-initiation-gabrielle-roth-and-the-mirrors","status":"publish","type":"product","link":"https:\/\/gay-tantra-shop.com\/fr\/produkt\/cd-initiation-gabrielle-roth-and-the-mirrors\/","title":{"rendered":"CD: Initiation [Gabrielle Roth And The Mirrors]"},"content":{"rendered":"<p><\/p>\n<p>Initiation nimmt Sie auf eine initiierende Reise mit, wenn Sie sich dem Puls der Musik hingeben:<\/p>\n<p><\/p>","protected":false},"excerpt":{"rendered":"<div class=\"gProdDescription\"><strong>Gabriele Roth<\/strong><\/div>\n<div class=\"gCod\"><strong>ISBN\/EAN<\/strong>: 4015749820518<\/div>\n<p>&nbsp;<\/p>\n<div class=\"gProdDescription\">Initiation nimmt Sie auf eine initiierende Reise mit, wenn Sie sich dem Puls der Musik hingeben:<br \/>\nDie CD beginnt mit einer Welle durch die 5 Rhythmen. Die zweite H\u00e4lfte beginnt mit einer Reise durch den K\u00f6rper und endet mit einer &lsquo;Feier&rsquo; f\u00fcr alle K\u00f6rperteile.<\/div>\n","protected":false},"featured_media":65,"comment_status":"open","ping_status":"closed","template":"","meta":[],"product_brand":[],"product_cat":[16,6,14],"product_tag":[],"class_list":{"0":"post-64","1":"product","2":"type-product","3":"status-publish","4":"has-post-thumbnail","6":"product_cat-webshop","7":"product_cat-music","8":"product_cat-meditation-dynamisch","10":"first","11":"outofstock","12":"taxable","13":"shipping-taxable","14":"purchasable","15":"product-type-simple"},"bundle_layout":"","bundled_by":[],"bundled_items":[],"aioseo_notices":[],"_links":{"self":[{"href":"https:\/\/gay-tantra-shop.com\/fr\/wp-json\/wp\/v2\/product\/64","targetHints":{"allow":["GET"]}}],"collection":[{"href":"https:\/\/gay-tantra-shop.com\/fr\/wp-json\/wp\/v2\/product"}],"about":[{"href":"https:\/\/gay-tantra-shop.com\/fr\/wp-json\/wp\/v2\/types\/product"}],"replies":[{"embeddable":true,"href":"https:\/\/gay-tantra-shop.com\/fr\/wp-json\/wp\/v2\/comments?post=64"}],"wp:featuredmedia":[{"embeddable":true,"href":"https:\/\/gay-tantra-shop.com\/fr\/wp-json\/wp\/v2\/media\/65"}],"wp:attachment":[{"href":"https:\/\/gay-tantra-shop.com\/fr\/wp-json\/wp\/v2\/media?parent=64"}],"wp:term":[{"taxonomy":"product_brand","embeddable":true,"href":"https:\/\/gay-tantra-shop.com\/fr\/wp-json\/wp\/v2\/product_brand?post=64"},{"taxonomy":"product_cat","embeddable":true,"href":"https:\/\/gay-tantra-shop.com\/fr\/wp-json\/wp\/v2\/product_cat?post=64"},{"taxonomy":"product_tag","embeddable":true,"href":"https:\/\/gay-tantra-shop.com\/fr\/wp-json\/wp\/v2\/product_tag?post=64"}],"curies":[{"name":"wp","href":"https:\/\/api.w.org\/{rel}","templated":true}]}}