{"id":762,"date":"2016-06-16T16:51:59","date_gmt":"2016-06-16T14:51:59","guid":{"rendered":"http:\/\/gay-tantra-shop.eu\/?post_type=product&#038;p=762"},"modified":"2022-02-24T14:06:07","modified_gmt":"2022-02-24T13:06:07","slug":"dvd-massages-anal-prostate-armin-heining","status":"publish","type":"product","link":"https:\/\/gay-tantra-shop.com\/fr\/produkt\/dvd-massages-anal-prostate-armin-heining\/","title":{"rendered":"DVD: Massages Anal &#038; Prostate [Armin Heining]"},"content":{"rendered":"<p><\/p>\n<p>Mode d\u2019emploi pour atteindre l\u2019extase!<br \/>\n L&rsquo;epanouissement personnell par la sexualite!<\/p>\n<p><\/p>","protected":false},"excerpt":{"rendered":"<p>Armin Heining<br \/>\nRestriction d\u2019\u00e2ge: 18 ans<br \/>\nLangue: Fran\u00e7ais, Anglais<br \/>\nDur\u00e9e : 50 minutes de plaisirs + 22 minutes bonus de orgasmes multiples<br \/>\nBonus: Bande-Annonce<br \/>\nFormat d&#039;image: 16\/9<\/p>\n<hr \/>\n<p><\/p>\n<p>D\u00e9couvrez toutes Les techniques de massages, anal et de la prostate, pour des orgasmes multiples garantis !<\/p>\n<p>GAY-TANTRA vous guide, \u00e9tape par \u00e9tape, avec des explications simples et une mise en pratique des diff\u00e9rentes m\u00e9thodes.<\/p>\n<p>Apprenez \u00e0 varier les plaisirs et \u00e0 maximiser la sensibilit\u00e9 de ces zones d\u00e9licates, pour \u00e0 votre tour atteindre l\u2019extase ou procurer de la jouissance \u00e0 votre partenaire !<\/p>\n<p>Accessible m\u00eame aux d\u00e9butants !<\/p>\n","protected":false},"featured_media":5662,"comment_status":"open","ping_status":"closed","template":"","meta":[],"product_brand":[],"product_cat":[16,8,9],"product_tag":[],"class_list":{"0":"post-762","1":"product","2":"type-product","3":"status-publish","4":"has-post-thumbnail","6":"product_cat-webshop","7":"product_cat-gay-tantra-filme","8":"product_cat-ekstase-videos","10":"first","11":"instock","12":"taxable","13":"shipping-taxable","14":"purchasable","15":"product-type-simple"},"bundle_layout":"","bundled_by":[],"bundled_items":[],"aioseo_notices":[],"_links":{"self":[{"href":"https:\/\/gay-tantra-shop.com\/fr\/wp-json\/wp\/v2\/product\/762","targetHints":{"allow":["GET"]}}],"collection":[{"href":"https:\/\/gay-tantra-shop.com\/fr\/wp-json\/wp\/v2\/product"}],"about":[{"href":"https:\/\/gay-tantra-shop.com\/fr\/wp-json\/wp\/v2\/types\/product"}],"replies":[{"embeddable":true,"href":"https:\/\/gay-tantra-shop.com\/fr\/wp-json\/wp\/v2\/comments?post=762"}],"wp:featuredmedia":[{"embeddable":true,"href":"https:\/\/gay-tantra-shop.com\/fr\/wp-json\/wp\/v2\/media\/5662"}],"wp:attachment":[{"href":"https:\/\/gay-tantra-shop.com\/fr\/wp-json\/wp\/v2\/media?parent=762"}],"wp:term":[{"taxonomy":"product_brand","embeddable":true,"href":"https:\/\/gay-tantra-shop.com\/fr\/wp-json\/wp\/v2\/product_brand?post=762"},{"taxonomy":"product_cat","embeddable":true,"href":"https:\/\/gay-tantra-shop.com\/fr\/wp-json\/wp\/v2\/product_cat?post=762"},{"taxonomy":"product_tag","embeddable":true,"href":"https:\/\/gay-tantra-shop.com\/fr\/wp-json\/wp\/v2\/product_tag?post=762"}],"curies":[{"name":"wp","href":"https:\/\/api.w.org\/{rel}","templated":true}]}}