{"id":768,"date":"2016-06-16T17:11:07","date_gmt":"2016-06-16T15:11:07","guid":{"rendered":"http:\/\/gay-tantra-shop.eu\/?post_type=product&#038;p=768"},"modified":"2022-02-23T12:56:45","modified_gmt":"2022-02-23T11:56:45","slug":"film-download-massage-genital-armin-heining","status":"publish","type":"product","link":"https:\/\/gay-tantra-shop.com\/fr\/produkt\/film-download-massage-genital-armin-heining\/","title":{"rendered":"T\u00e9l\u00e9charger: Massage G\u00e9nital [Armin Heining]"},"content":{"rendered":"<p>Mode d\u2019emploi pour orgasmes multiples &#8211; plaisirs intimes garantis!<\/p>\n","protected":false},"excerpt":{"rendered":"<p>Armin Heining<br \/>\nRestriction d\u2019\u00e2ge: 16 ans<br \/>\nPubli\u00e9: 2013<br \/>\nLangue: Fran\u00e7ais (Dolby Digital 2.0)<br \/>\nDur\u00e9e: 50 minutes<br \/>\nFormat de fichier: .mp4<br \/>\nTaille du fichier: 3 go<\/p>\n<hr \/>\n<p><\/p>\n<p>Le Massage g\u00e9nital GAY-TANTRA est une m\u00e9thode respectueuse et valorisante pour toucher des hommes dans leur intimit\u00e9. Cette m\u00e9thode de massage permet \u00e0 l\u2019individu d\u2019acc\u00e9der au travers de son corps au bien-\u00eatre et \u00e0 l\u2019extase, et de lib\u00e9rer ses \u00e9motions pour atteindre le seuil vital du plaisir. La m\u00e9thode du massage g\u00e9nital est expliqu\u00e9e simplement et est facilement compr\u00e9hensible par tous, accessible m\u00eame aux d\u00e9butants. Dans la section \u00ab bonus \u00bb de ce DVD, vous recevrez aussi plus d\u2018informations sur la cr\u00e9ation de cette m\u00e9thode de massage exceptionnelle par le cr\u00e9ateur du GAY-TANTRA.<\/p>\n<p><\/p>\n","protected":false},"featured_media":5659,"comment_status":"open","ping_status":"closed","template":"","meta":[],"product_brand":[],"product_cat":[19,20,24],"product_tag":[],"class_list":{"0":"post-768","1":"product","2":"type-product","3":"status-publish","4":"has-post-thumbnail","6":"product_cat-downloads","7":"product_cat-gay-tantra-filme-downloads","8":"product_cat-ekstase-videos-gay-tantra-filme-downloads","10":"first","11":"instock","12":"downloadable","13":"virtual","14":"taxable","15":"purchasable","16":"product-type-simple"},"bundle_layout":"","bundled_by":[],"bundled_items":[],"aioseo_notices":[],"_links":{"self":[{"href":"https:\/\/gay-tantra-shop.com\/fr\/wp-json\/wp\/v2\/product\/768","targetHints":{"allow":["GET"]}}],"collection":[{"href":"https:\/\/gay-tantra-shop.com\/fr\/wp-json\/wp\/v2\/product"}],"about":[{"href":"https:\/\/gay-tantra-shop.com\/fr\/wp-json\/wp\/v2\/types\/product"}],"replies":[{"embeddable":true,"href":"https:\/\/gay-tantra-shop.com\/fr\/wp-json\/wp\/v2\/comments?post=768"}],"wp:featuredmedia":[{"embeddable":true,"href":"https:\/\/gay-tantra-shop.com\/fr\/wp-json\/wp\/v2\/media\/5659"}],"wp:attachment":[{"href":"https:\/\/gay-tantra-shop.com\/fr\/wp-json\/wp\/v2\/media?parent=768"}],"wp:term":[{"taxonomy":"product_brand","embeddable":true,"href":"https:\/\/gay-tantra-shop.com\/fr\/wp-json\/wp\/v2\/product_brand?post=768"},{"taxonomy":"product_cat","embeddable":true,"href":"https:\/\/gay-tantra-shop.com\/fr\/wp-json\/wp\/v2\/product_cat?post=768"},{"taxonomy":"product_tag","embeddable":true,"href":"https:\/\/gay-tantra-shop.com\/fr\/wp-json\/wp\/v2\/product_tag?post=768"}],"curies":[{"name":"wp","href":"https:\/\/api.w.org\/{rel}","templated":true}]}}