{"id":778,"date":"2016-06-16T17:36:34","date_gmt":"2016-06-16T15:36:34","guid":{"rendered":"http:\/\/gay-tantra-shop.eu\/?post_type=product&#038;p=778"},"modified":"2022-02-23T12:48:13","modified_gmt":"2022-02-23T11:48:13","slug":"film-download-lorgasme-supreme-gay-armin-heining","status":"publish","type":"product","link":"https:\/\/gay-tantra-shop.com\/fr\/produkt\/film-download-lorgasme-supreme-gay-armin-heining\/","title":{"rendered":"T\u00e9l\u00e9charger: L&rsquo;Orgasme Supr\u00eame Gay [Armin Heining]"},"content":{"rendered":"<p><span style=\"font-family: Arial,sans-serif;\"><span style=\"font-size: small;\"><span lang=\"fr-FR\">Apportez votre potentiel sexuel entier!<\/span> <\/span><\/span><\/p>\n","protected":false},"excerpt":{"rendered":"<p>Armin Heining<br \/>\nRestriction d\u2019\u00e2ge: 16 ans<br \/>\nPubli\u00e9: 2010<br \/>\nLangue: Fran\u00e7ais (Dolby Digital 2.0)<br \/>\nDur\u00e9e: Environ 64 minutes<br \/>\nFormat de fichier: .mp4<br \/>\nTaille du fichier: 5 go<\/p>\n<hr \/>\n<p><\/p>\n<p>Un guide \u00e9rotique pour ceux qui souhaitent approfondir leurs connaissances et d\u00e9cupler leurs plaisirs sexuels. A travers des rituels shamaniques et des techniques de respiration, d\u00e9couvrez comment atteindre les diff\u00e9rents niveaux de jouissance et l\u2019orgasme Supr\u00eame.\u00a0<\/p>\n","protected":false},"featured_media":5655,"comment_status":"open","ping_status":"closed","template":"","meta":[],"product_brand":[],"product_cat":[19,20,24],"product_tag":[],"class_list":{"0":"post-778","1":"product","2":"type-product","3":"status-publish","4":"has-post-thumbnail","6":"product_cat-downloads","7":"product_cat-gay-tantra-filme-downloads","8":"product_cat-ekstase-videos-gay-tantra-filme-downloads","10":"first","11":"instock","12":"downloadable","13":"virtual","14":"taxable","15":"purchasable","16":"product-type-simple"},"bundle_layout":"","bundled_by":[],"bundled_items":[],"aioseo_notices":[],"_links":{"self":[{"href":"https:\/\/gay-tantra-shop.com\/fr\/wp-json\/wp\/v2\/product\/778","targetHints":{"allow":["GET"]}}],"collection":[{"href":"https:\/\/gay-tantra-shop.com\/fr\/wp-json\/wp\/v2\/product"}],"about":[{"href":"https:\/\/gay-tantra-shop.com\/fr\/wp-json\/wp\/v2\/types\/product"}],"replies":[{"embeddable":true,"href":"https:\/\/gay-tantra-shop.com\/fr\/wp-json\/wp\/v2\/comments?post=778"}],"wp:featuredmedia":[{"embeddable":true,"href":"https:\/\/gay-tantra-shop.com\/fr\/wp-json\/wp\/v2\/media\/5655"}],"wp:attachment":[{"href":"https:\/\/gay-tantra-shop.com\/fr\/wp-json\/wp\/v2\/media?parent=778"}],"wp:term":[{"taxonomy":"product_brand","embeddable":true,"href":"https:\/\/gay-tantra-shop.com\/fr\/wp-json\/wp\/v2\/product_brand?post=778"},{"taxonomy":"product_cat","embeddable":true,"href":"https:\/\/gay-tantra-shop.com\/fr\/wp-json\/wp\/v2\/product_cat?post=778"},{"taxonomy":"product_tag","embeddable":true,"href":"https:\/\/gay-tantra-shop.com\/fr\/wp-json\/wp\/v2\/product_tag?post=778"}],"curies":[{"name":"wp","href":"https:\/\/api.w.org\/{rel}","templated":true}]}}