{"id":810,"date":"2016-06-24T12:57:30","date_gmt":"2016-06-24T10:57:30","guid":{"rendered":"http:\/\/gay-tantra-shop.eu\/?post_type=product&#038;p=810"},"modified":"2017-04-11T13:53:50","modified_gmt":"2017-04-11T11:53:50","slug":"armin-heining-ueber-die-gay-tantra-genital-massage","status":"publish","type":"product","link":"https:\/\/gay-tantra-shop.com\/fr\/produkt\/armin-heining-ueber-die-gay-tantra-genital-massage\/","title":{"rendered":"Armin Heining \u00fcber die GAY-TANTRA Genital-Massage"},"content":{"rendered":"<p>Die GAY-TANTRA Genital-Massage nimmt unbewusste Verspannungen aus dem Sexualzentrum und erweitert die Bandbreite der Gef\u00fchle.<\/p>\n","protected":false},"excerpt":{"rendered":"<p>Armin spricht \u00fcber seine eigene Entdeckungsreise und die Urspr\u00fcnge der Genital-Massage, die in den fr\u00fchen 1990er Jahren entstanden ist. Diese Massage gilt auch als das LSD des 21 Jahrhunderts.<\/p>\n<p>Bonusfilm aus der GAY-TANTRA DVD \u00ab\u00a0Die GAY-TANTRA Genital-Massage\u00a0\u00bb (V\u00d6: Juni 2010)<\/p>\n<p>Dauer: 8:06 Minuten<br \/>\n Sprache: Deutsch<\/p>\n","protected":false},"featured_media":811,"comment_status":"open","ping_status":"closed","template":"","meta":[],"product_brand":[],"product_cat":[19,20,56],"product_tag":[],"class_list":{"0":"post-810","1":"product","2":"type-product","3":"status-publish","4":"has-post-thumbnail","6":"product_cat-downloads","7":"product_cat-gay-tantra-filme-downloads","8":"product_cat-bonusfilme","10":"first","11":"instock","12":"downloadable","13":"virtual","14":"taxable","15":"purchasable","16":"product-type-simple"},"bundle_layout":"","bundled_by":[],"bundled_items":[],"aioseo_notices":[],"_links":{"self":[{"href":"https:\/\/gay-tantra-shop.com\/fr\/wp-json\/wp\/v2\/product\/810","targetHints":{"allow":["GET"]}}],"collection":[{"href":"https:\/\/gay-tantra-shop.com\/fr\/wp-json\/wp\/v2\/product"}],"about":[{"href":"https:\/\/gay-tantra-shop.com\/fr\/wp-json\/wp\/v2\/types\/product"}],"replies":[{"embeddable":true,"href":"https:\/\/gay-tantra-shop.com\/fr\/wp-json\/wp\/v2\/comments?post=810"}],"wp:featuredmedia":[{"embeddable":true,"href":"https:\/\/gay-tantra-shop.com\/fr\/wp-json\/wp\/v2\/media\/811"}],"wp:attachment":[{"href":"https:\/\/gay-tantra-shop.com\/fr\/wp-json\/wp\/v2\/media?parent=810"}],"wp:term":[{"taxonomy":"product_brand","embeddable":true,"href":"https:\/\/gay-tantra-shop.com\/fr\/wp-json\/wp\/v2\/product_brand?post=810"},{"taxonomy":"product_cat","embeddable":true,"href":"https:\/\/gay-tantra-shop.com\/fr\/wp-json\/wp\/v2\/product_cat?post=810"},{"taxonomy":"product_tag","embeddable":true,"href":"https:\/\/gay-tantra-shop.com\/fr\/wp-json\/wp\/v2\/product_tag?post=810"}],"curies":[{"name":"wp","href":"https:\/\/api.w.org\/{rel}","templated":true}]}}