{"id":816,"date":"2016-06-24T13:12:18","date_gmt":"2016-06-24T11:12:18","guid":{"rendered":"http:\/\/gay-tantra-shop.eu\/?post_type=product&#038;p=816"},"modified":"2022-02-03T15:19:27","modified_gmt":"2022-02-03T14:19:27","slug":"armin-heining-ueber-die-gay-tantra-multiplen-orgasmischen-massagen","status":"publish","type":"product","link":"https:\/\/gay-tantra-shop.com\/fr\/produkt\/armin-heining-ueber-die-gay-tantra-multiplen-orgasmischen-massagen\/","title":{"rendered":"Armin Heining \u00fcber die GAY-TANTRA multiplen, orgasmischen Massagen"},"content":{"rendered":"<p>Du w\u00fcnschst Dir ekstatische Stimulationen und lustvolle Ber\u00fchrungen? Du willst wissen, was dabei in Dir abgeht? Dieser Film sagt es Dir.<\/p>\n","protected":false},"excerpt":{"rendered":"<p>Ekstatische Stimulationen sind keine Wellness-Massagen und daher nur f\u00fcr &#039;stabile Pers\u00f6nlichkeiten&#039; geeignet. Erfahre hier mehr, wie auch aus Dir ein multi-orgasmischer Mann werden kann, der sein Leben genie\u00dft und sein sexuelles Potential voll lebt.<\/p>\n<p>Bonusfilm aus den GAY-TANTRA Ekstase DVDs (V\u00d6: Oktober 2011)<br \/>\n GAY-TANTRA &#8211; Die multiple, orgasmische Genital-Massage<br \/>\n GAY-TANTRA &#8211; Die multiple, orgasmische Anal- und Prostata-Massage<\/p>\n<p>Dauer: 21:28 Minuten<br \/>\n Sprache: Deutsch<\/p>\n","protected":false},"featured_media":817,"comment_status":"open","ping_status":"closed","template":"","meta":[],"product_brand":[],"product_cat":[19,20,56],"product_tag":[],"class_list":{"0":"post-816","1":"product","2":"type-product","3":"status-publish","4":"has-post-thumbnail","6":"product_cat-downloads","7":"product_cat-gay-tantra-filme-downloads","8":"product_cat-bonusfilme","10":"first","11":"instock","12":"downloadable","13":"virtual","14":"taxable","15":"purchasable","16":"product-type-simple"},"bundle_layout":"","bundled_by":[],"bundled_items":[],"aioseo_notices":[],"_links":{"self":[{"href":"https:\/\/gay-tantra-shop.com\/fr\/wp-json\/wp\/v2\/product\/816","targetHints":{"allow":["GET"]}}],"collection":[{"href":"https:\/\/gay-tantra-shop.com\/fr\/wp-json\/wp\/v2\/product"}],"about":[{"href":"https:\/\/gay-tantra-shop.com\/fr\/wp-json\/wp\/v2\/types\/product"}],"replies":[{"embeddable":true,"href":"https:\/\/gay-tantra-shop.com\/fr\/wp-json\/wp\/v2\/comments?post=816"}],"wp:featuredmedia":[{"embeddable":true,"href":"https:\/\/gay-tantra-shop.com\/fr\/wp-json\/wp\/v2\/media\/817"}],"wp:attachment":[{"href":"https:\/\/gay-tantra-shop.com\/fr\/wp-json\/wp\/v2\/media?parent=816"}],"wp:term":[{"taxonomy":"product_brand","embeddable":true,"href":"https:\/\/gay-tantra-shop.com\/fr\/wp-json\/wp\/v2\/product_brand?post=816"},{"taxonomy":"product_cat","embeddable":true,"href":"https:\/\/gay-tantra-shop.com\/fr\/wp-json\/wp\/v2\/product_cat?post=816"},{"taxonomy":"product_tag","embeddable":true,"href":"https:\/\/gay-tantra-shop.com\/fr\/wp-json\/wp\/v2\/product_tag?post=816"}],"curies":[{"name":"wp","href":"https:\/\/api.w.org\/{rel}","templated":true}]}}