{"id":825,"date":"2016-06-24T13:28:32","date_gmt":"2016-06-24T11:28:32","guid":{"rendered":"http:\/\/gay-tantra-shop.eu\/?post_type=product&#038;p=825"},"modified":"2022-02-03T15:12:28","modified_gmt":"2022-02-03T14:12:28","slug":"armin-heining-was-ist-gay-tantra","status":"publish","type":"product","link":"https:\/\/gay-tantra-shop.com\/fr\/produkt\/armin-heining-was-ist-gay-tantra\/","title":{"rendered":"Armin Heining: Was ist GAY-TANTRA?"},"content":{"rendered":"<p>Du willst es wirklich wissen? Armin, der Begr\u00fcnder und Pionier, spricht zu Dir.<\/p>\n","protected":false},"excerpt":{"rendered":"<p>Ist eine Massage Tantra? Ist Ejakulation Tantra? Ist Stille Tantra? Viele Mythen ranken sich um Tantra und GAY-TANTRA. Armin Heining, der Begr\u00fcnder von GAY-TANTRA hat bei anerkannten Lehrern studiert und \u00fcber Jahrzehnte hinweg Anleitungen und Feedback erhalten. Ersp\u00fcre seine Ausf\u00fchrungen.<\/p>\n<p>Bonusfilm aus den GAY-TANTRA Ekstase DVDs (V\u00d6 2014 und 2015)<\/p>\n<p>Dauer: 15:53 Minuten<br \/>\n Sprache: Deutsch<\/p>\n","protected":false},"featured_media":826,"comment_status":"open","ping_status":"closed","template":"","meta":[],"product_brand":[],"product_cat":[19,20,56],"product_tag":[],"class_list":{"0":"post-825","1":"product","2":"type-product","3":"status-publish","4":"has-post-thumbnail","6":"product_cat-downloads","7":"product_cat-gay-tantra-filme-downloads","8":"product_cat-bonusfilme","10":"first","11":"instock","12":"downloadable","13":"virtual","14":"taxable","15":"purchasable","16":"product-type-simple"},"bundle_layout":"","bundled_by":[],"bundled_items":[],"aioseo_notices":[],"_links":{"self":[{"href":"https:\/\/gay-tantra-shop.com\/fr\/wp-json\/wp\/v2\/product\/825","targetHints":{"allow":["GET"]}}],"collection":[{"href":"https:\/\/gay-tantra-shop.com\/fr\/wp-json\/wp\/v2\/product"}],"about":[{"href":"https:\/\/gay-tantra-shop.com\/fr\/wp-json\/wp\/v2\/types\/product"}],"replies":[{"embeddable":true,"href":"https:\/\/gay-tantra-shop.com\/fr\/wp-json\/wp\/v2\/comments?post=825"}],"wp:featuredmedia":[{"embeddable":true,"href":"https:\/\/gay-tantra-shop.com\/fr\/wp-json\/wp\/v2\/media\/826"}],"wp:attachment":[{"href":"https:\/\/gay-tantra-shop.com\/fr\/wp-json\/wp\/v2\/media?parent=825"}],"wp:term":[{"taxonomy":"product_brand","embeddable":true,"href":"https:\/\/gay-tantra-shop.com\/fr\/wp-json\/wp\/v2\/product_brand?post=825"},{"taxonomy":"product_cat","embeddable":true,"href":"https:\/\/gay-tantra-shop.com\/fr\/wp-json\/wp\/v2\/product_cat?post=825"},{"taxonomy":"product_tag","embeddable":true,"href":"https:\/\/gay-tantra-shop.com\/fr\/wp-json\/wp\/v2\/product_tag?post=825"}],"curies":[{"name":"wp","href":"https:\/\/api.w.org\/{rel}","templated":true}]}}