{"id":828,"date":"2016-06-24T13:32:32","date_gmt":"2016-06-24T11:32:32","guid":{"rendered":"http:\/\/gay-tantra-shop.eu\/?post_type=product&#038;p=828"},"modified":"2020-06-18T08:38:14","modified_gmt":"2020-06-18T06:38:14","slug":"armin-heining-ultimate-gay-sex-und-die-energiezonen-des-koerpers","status":"publish","type":"product","link":"https:\/\/gay-tantra-shop.com\/fr\/produkt\/armin-heining-ultimate-gay-sex-und-die-energiezonen-des-koerpers\/","title":{"rendered":"Armin Heining: Ultimate Gay Sex und die Energiezonen des K\u00f6rpers"},"content":{"rendered":"<p>Was ist ultimativer, schwuler Sex? Und wie kann ich mein sexuelles Leben aufregend erhalten?<\/p>\n","protected":false},"excerpt":{"rendered":"<p>Armin spricht zu den Chakra-Energiezonen des K\u00f6rpers, die uns eine gro\u00dfe Hilfe sein k\u00f6nnen, unser Leben und unsere Sexualit\u00e4t tiefer zu verstehen und auch im Alltag lustvoll und lebendig zu erhalten.<\/p>\n<p>Bonusfilm aus der GAY-TANTRA DVD \u00ab\u00a0Ultimate Gay Sex\u00a0\u00bb (V\u00d6: November 2014)<\/p>\n<p>Dauer: 14:50 Minuten<br \/>\n Sprache: Deutsch<\/p>\n","protected":false},"featured_media":829,"comment_status":"open","ping_status":"closed","template":"","meta":[],"product_brand":[],"product_cat":[19,20,56],"product_tag":[],"class_list":{"0":"post-828","1":"product","2":"type-product","3":"status-publish","4":"has-post-thumbnail","6":"product_cat-downloads","7":"product_cat-gay-tantra-filme-downloads","8":"product_cat-bonusfilme","10":"first","11":"instock","12":"downloadable","13":"virtual","14":"taxable","15":"purchasable","16":"product-type-simple"},"bundle_layout":"","bundled_by":[],"bundled_items":[],"aioseo_notices":[],"_links":{"self":[{"href":"https:\/\/gay-tantra-shop.com\/fr\/wp-json\/wp\/v2\/product\/828","targetHints":{"allow":["GET"]}}],"collection":[{"href":"https:\/\/gay-tantra-shop.com\/fr\/wp-json\/wp\/v2\/product"}],"about":[{"href":"https:\/\/gay-tantra-shop.com\/fr\/wp-json\/wp\/v2\/types\/product"}],"replies":[{"embeddable":true,"href":"https:\/\/gay-tantra-shop.com\/fr\/wp-json\/wp\/v2\/comments?post=828"}],"wp:featuredmedia":[{"embeddable":true,"href":"https:\/\/gay-tantra-shop.com\/fr\/wp-json\/wp\/v2\/media\/829"}],"wp:attachment":[{"href":"https:\/\/gay-tantra-shop.com\/fr\/wp-json\/wp\/v2\/media?parent=828"}],"wp:term":[{"taxonomy":"product_brand","embeddable":true,"href":"https:\/\/gay-tantra-shop.com\/fr\/wp-json\/wp\/v2\/product_brand?post=828"},{"taxonomy":"product_cat","embeddable":true,"href":"https:\/\/gay-tantra-shop.com\/fr\/wp-json\/wp\/v2\/product_cat?post=828"},{"taxonomy":"product_tag","embeddable":true,"href":"https:\/\/gay-tantra-shop.com\/fr\/wp-json\/wp\/v2\/product_tag?post=828"}],"curies":[{"name":"wp","href":"https:\/\/api.w.org\/{rel}","templated":true}]}}